{"id":9227,"date":"2024-11-21T14:31:50","date_gmt":"2024-11-21T14:31:50","guid":{"rendered":"https:\/\/raidostransport.de\/?page_id=9227"},"modified":"2025-03-12T08:05:28","modified_gmt":"2025-03-12T08:05:28","slug":"demontage-und-individuelle-verpackung","status":"publish","type":"page","link":"https:\/\/raidostransport.de\/en\/demontage-und-individuelle-verpackung\/","title":{"rendered":"Demontage und individuelle Verpackung"},"content":{"rendered":"\t\t<div data-elementor-type=\"wp-page\" data-elementor-id=\"9227\" class=\"elementor elementor-9227\" data-elementor-post-type=\"page\">\n\t\t\t\t\t\t<section class=\"elementor-section elementor-top-section elementor-element elementor-element-523b940 elementor-section-full_width elementor-section-stretched elementor-section-height-default elementor-section-height-default\" data-id=\"523b940\" data-element_type=\"section\" data-e-type=\"section\" data-settings=\"{&quot;stretch_section&quot;:&quot;section-stretched&quot;}\">\n\t\t\t\t\t\t<div class=\"elementor-container elementor-column-gap-no\">\n\t\t\t\t\t<div class=\"elementor-column elementor-col-100 elementor-top-column elementor-element elementor-element-8d33e32\" data-id=\"8d33e32\" data-element_type=\"column\" data-e-type=\"column\">\n\t\t\t<div class=\"elementor-widget-wrap elementor-element-populated\">\n\t\t\t\t\t\t<section class=\"elementor-section elementor-inner-section elementor-element elementor-element-2a93302 elementor-section-boxed elementor-section-height-default elementor-section-height-default\" data-id=\"2a93302\" data-element_type=\"section\" data-e-type=\"section\">\n\t\t\t\t\t\t<div class=\"elementor-container elementor-column-gap-default\">\n\t\t\t\t\t<div class=\"elementor-column elementor-col-50 elementor-inner-column elementor-element elementor-element-9c57c18\" data-id=\"9c57c18\" data-element_type=\"column\" data-e-type=\"column\">\n\t\t\t<div class=\"elementor-widget-wrap elementor-element-populated\">\n\t\t\t\t\t\t<div class=\"elementor-element elementor-element-482a170 elementor-widget elementor-widget-twinkle_image\" data-id=\"482a170\" data-element_type=\"widget\" data-e-type=\"widget\" data-widget_type=\"twinkle_image.default\">\n\t\t\t\t<div class=\"elementor-widget-container\">\n\t\t\t\t\t\r\n        \r\n            <div class=\"service-details__top-img\">\r\n                <img decoding=\"async\" src=\"https:\/\/raidostransport.de\/wp-content\/uploads\/2024\/11\/Untitled-770-x-525-px-7-1024x931.png\" alt=\"\" \/>\r\n            <\/div>\r\n        \r\n        \r\n        \t\t\t\t<\/div>\n\t\t\t\t<\/div>\n\t\t\t\t\t<\/div>\n\t\t<\/div>\n\t\t\t\t<div class=\"elementor-column elementor-col-50 elementor-inner-column elementor-element elementor-element-93b71d2\" data-id=\"93b71d2\" data-element_type=\"column\" data-e-type=\"column\">\n\t\t\t<div class=\"elementor-widget-wrap elementor-element-populated\">\n\t\t\t\t\t\t<div class=\"elementor-element elementor-element-a790963 elementor-widget elementor-widget-twinkle_service_list\" data-id=\"a790963\" data-element_type=\"widget\" data-e-type=\"widget\" data-widget_type=\"twinkle_service_list.default\">\n\t\t\t\t<div class=\"elementor-widget-container\">\n\t\t\t\t\t\r\n            <div class=\"service-details__sidebar\">\r\n                <h2 class=\"service-details__sidebar-title\">Alle Dienstleistungen<\/h2>\r\n                <ul class=\"service-details__sidebar-list pl-0\">\r\n                                                                        <li class=\"service-details__sidebar-list-item\">\r\n                                <a target=\"\" rel=\"\" href=\"https:\/\/raidostransport.de\/professionelles-verpacken\/\">\r\n                                    Professionelles Verpacken                                <\/a>\r\n                            <\/li>\r\n                                                                                                <li class=\"service-details__sidebar-list-item\">\r\n                                <a target=\"\" rel=\"\" href=\"https:\/\/raidostransport.de\/bereitstellung-von-verpackungsmaterialien\/\">\r\n                                    Bereitstellung von Verpackungsmaterialien                                <\/a>\r\n                            <\/li>\r\n                                                                                                <li class=\"service-details__sidebar-list-item\">\r\n                                <a target=\"\" rel=\"\" href=\"https:\/\/raidostransport.de\/verpackung-empfindlicher-gegenstande\/\">\r\n                                    Verpackung empfindlicher Gegenst\u00e4nde                                <\/a>\r\n                            <\/li>\r\n                                                                                                <li class=\"service-details__sidebar-list-item\">\r\n                                <a target=\"\" rel=\"\" href=\"https:\/\/raidostransport.de\/verpackung-von-grosen-mobelstucken\/\">\r\n                                    Verpackung von gro\u00dfen M\u00f6belst\u00fccken                                <\/a>\r\n                            <\/li>\r\n                                                                                                <li class=\"service-details__sidebar-list-item\">\r\n                                <a target=\"\" rel=\"\" href=\"https:\/\/raidostransport.de\/verpackung-von-elektronischen-geraten\/\">\r\n                                    Verpackung von elektronischen Ger\u00e4ten                                <\/a>\r\n                            <\/li>\r\n                                                                                                <li class=\"service-details__sidebar-list-item\">\r\n                                <a target=\"\" rel=\"\" href=\"https:\/\/raidostransport.de\/demontage-und-individuelle-verpackung\/\">\r\n                                    Demontage und individuelle Verpackung                                <\/a>\r\n                            <\/li>\r\n                                                            <\/ul>\r\n            <\/div>\r\n\r\n        \t\t\t\t<\/div>\n\t\t\t\t<\/div>\n\t\t\t\t\t<\/div>\n\t\t<\/div>\n\t\t\t\t\t<\/div>\n\t\t<\/section>\n\t\t\t\t<section class=\"elementor-section elementor-inner-section elementor-element elementor-element-92069b8 elementor-section-boxed elementor-section-height-default elementor-section-height-default\" data-id=\"92069b8\" data-element_type=\"section\" data-e-type=\"section\">\n\t\t\t\t\t\t<div class=\"elementor-container elementor-column-gap-default\">\n\t\t\t\t\t<div class=\"elementor-column elementor-col-100 elementor-inner-column elementor-element elementor-element-ad3d7b2\" data-id=\"ad3d7b2\" data-element_type=\"column\" data-e-type=\"column\">\n\t\t\t<div class=\"elementor-widget-wrap elementor-element-populated\">\n\t\t\t\t\t\t<div class=\"elementor-element elementor-element-fcaf4b3 elementor-widget elementor-widget-twinkle_heading\" data-id=\"fcaf4b3\" data-element_type=\"widget\" data-e-type=\"widget\" data-widget_type=\"twinkle_heading.default\">\n\t\t\t\t<div class=\"elementor-widget-container\">\n\t\t\t\t\t\r\n        \r\n            <div class=\"section-title\">\r\n                                <h2 class=\"section-title__title\">Demontage und individuelle Verpackung<\/h2>                                    <p class=\"section-title__text\">Die Demontage und individuelle Verpackung von M\u00f6beln und anderen Gegenst\u00e4nden ist ein wesentlicher Bestandteil unseres Umzugsservices bei Raidos Transport. Wir verstehen, dass einige M\u00f6belst\u00fccke oder Einrichtungen besondere Aufmerksamkeit erfordern, um sicher und unbesch\u00e4digt transportiert zu werden. Daher bieten wir Ihnen einen ma\u00dfgeschneiderten Service, bei dem wir Ihre M\u00f6bel fachgerecht demontieren und individuell verpacken, um den sicheren Transport zu gew\u00e4hrleisten.\n<br>\nUnser erfahrenes Team sorgt daf\u00fcr, dass jedes M\u00f6belst\u00fcck, sei es ein komplexes Regalsystem oder ein empfindliches Sofa, ordnungsgem\u00e4\u00df demontiert wird. Dabei achten wir darauf, dass keine Teile verloren gehen und alles sorgf\u00e4ltig und sicher verpackt wird. F\u00fcr den Transport verwenden wir hochwertige Materialien wie Luftpolsterfolie, Decken und stabile Kartons, die exakt auf die Form und den Zustand der M\u00f6belst\u00fccke abgestimmt sind.<\/p>\r\n                            <\/div>\r\n\r\n        \r\n        \t\t\t\t<\/div>\n\t\t\t\t<\/div>\n\t\t\t\t\t<\/div>\n\t\t<\/div>\n\t\t\t\t\t<\/div>\n\t\t<\/section>\n\t\t\t\t<section class=\"elementor-section elementor-inner-section elementor-element elementor-element-8d7b487 elementor-section-boxed elementor-section-height-default elementor-section-height-default\" data-id=\"8d7b487\" data-element_type=\"section\" data-e-type=\"section\">\n\t\t\t\t\t\t<div class=\"elementor-container elementor-column-gap-default\">\n\t\t\t\t\t<div class=\"elementor-column elementor-col-50 elementor-inner-column elementor-element elementor-element-08cc18e\" data-id=\"08cc18e\" data-element_type=\"column\" data-e-type=\"column\">\n\t\t\t<div class=\"elementor-widget-wrap elementor-element-populated\">\n\t\t\t\t\t\t<div class=\"elementor-element elementor-element-4744776 elementor-widget__width-initial elementor-widget elementor-widget-image\" data-id=\"4744776\" data-element_type=\"widget\" data-e-type=\"widget\" data-widget_type=\"image.default\">\n\t\t\t\t<div class=\"elementor-widget-container\">\n\t\t\t\t\t\t\t\t\t\t\t\t\t\t\t<img fetchpriority=\"high\" decoding=\"async\" width=\"640\" height=\"502\" src=\"https:\/\/raidostransport.de\/wp-content\/uploads\/2024\/11\/radios-transport-2-11.png\" class=\"attachment-large size-large wp-image-9317\" alt=\"\" srcset=\"https:\/\/raidostransport.de\/wp-content\/uploads\/2024\/11\/radios-transport-2-11.png 740w, https:\/\/raidostransport.de\/wp-content\/uploads\/2024\/11\/radios-transport-2-11-300x235.png 300w\" sizes=\"(max-width: 640px) 100vw, 640px\" \/>\t\t\t\t\t\t\t\t\t\t\t\t\t\t\t<\/div>\n\t\t\t\t<\/div>\n\t\t\t\t\t<\/div>\n\t\t<\/div>\n\t\t\t\t<div class=\"elementor-column elementor-col-50 elementor-inner-column elementor-element elementor-element-2a7bacc\" data-id=\"2a7bacc\" data-element_type=\"column\" data-e-type=\"column\">\n\t\t\t<div class=\"elementor-widget-wrap elementor-element-populated\">\n\t\t\t\t\t\t<div class=\"elementor-element elementor-element-bf1af92 elementor-widget__width-initial elementor-widget elementor-widget-twinkle_heading\" data-id=\"bf1af92\" data-element_type=\"widget\" data-e-type=\"widget\" data-widget_type=\"twinkle_heading.default\">\n\t\t\t\t<div class=\"elementor-widget-container\">\n\t\t\t\t\t\r\n        \r\n            <div class=\"section-title\">\r\n                                                                    <p class=\"section-title__text\">Ob Sie ein gro\u00dfes B\u00fccherregal, ein Boxspringbett oder eine komplizierte B\u00fcroeinrichtung haben \u2013 mit unserer Demontage- und Verpackungsdienstleistung k\u00f6nnen Sie sicher sein, dass alles perfekt vorbereitet und gesch\u00fctzt ist. <br>\nNach dem Umzug bauen wir die M\u00f6bel nat\u00fcrlich auch wieder auf, damit Sie sich um nichts k\u00fcmmern m\u00fcssen. Vertrauen Sie Raidos Transport f\u00fcr eine reibungslose und stressfreie Demontage und individuelle Verpackung.<\/p>\r\n                            <\/div>\r\n\r\n        \r\n        \t\t\t\t<\/div>\n\t\t\t\t<\/div>\n\t\t\t\t\t<\/div>\n\t\t<\/div>\n\t\t\t\t\t<\/div>\n\t\t<\/section>\n\t\t\t\t\t<\/div>\n\t\t<\/div>\n\t\t\t\t\t<\/div>\n\t\t<\/section>\n\t\t\t\t<section class=\"elementor-section elementor-top-section elementor-element elementor-element-a3f9904 elementor-section-full_width elementor-section-stretched elementor-section-height-min-height elementor-section-height-default elementor-section-items-middle\" data-id=\"a3f9904\" data-element_type=\"section\" data-e-type=\"section\" data-settings=\"{&quot;stretch_section&quot;:&quot;section-stretched&quot;,&quot;background_background&quot;:&quot;classic&quot;}\">\n\t\t\t\t\t\t\t<div class=\"elementor-background-overlay\"><\/div>\n\t\t\t\t\t\t\t<div class=\"elementor-container elementor-column-gap-no\">\n\t\t\t\t\t<div class=\"elementor-column elementor-col-100 elementor-top-column elementor-element elementor-element-30ca9ec\" data-id=\"30ca9ec\" data-element_type=\"column\" data-e-type=\"column\">\n\t\t\t<div class=\"elementor-widget-wrap elementor-element-populated\">\n\t\t\t\t<div class=\"elementor-element elementor-element-c9d11ab e-flex e-con-boxed e-con e-parent\" data-id=\"c9d11ab\" data-element_type=\"container\" data-e-type=\"container\">\n\t\t\t\t\t<div class=\"e-con-inner\">\n\t\t<div class=\"elementor-element elementor-element-fc2bb40 e-con-full e-flex e-con e-child\" data-id=\"fc2bb40\" data-element_type=\"container\" data-e-type=\"container\">\n\t\t<div class=\"elementor-element elementor-element-422f4ce e-con-full e-flex e-con e-child\" data-id=\"422f4ce\" data-element_type=\"container\" data-e-type=\"container\">\n\t\t<div class=\"elementor-element elementor-element-465f07f e-con-full e-flex e-con e-child\" data-id=\"465f07f\" data-element_type=\"container\" data-e-type=\"container\">\n\t\t\t\t<div class=\"elementor-element elementor-element-7f2c3cf elementor-widget elementor-widget-heading\" data-id=\"7f2c3cf\" data-element_type=\"widget\" data-e-type=\"widget\" data-widget_type=\"heading.default\">\n\t\t\t\t<div class=\"elementor-widget-container\">\n\t\t\t\t\t<h2 class=\"elementor-heading-title elementor-size-default\">Die Putzfrau in Ihrer N\u00e4he \u2013 bereit, Ihnen zu helfen. Jetzt anrufen!<\/h2>\t\t\t\t<\/div>\n\t\t\t\t<\/div>\n\t\t\t\t<div class=\"elementor-element elementor-element-cf041de elementor-icon-list--layout-traditional elementor-list-item-link-full_width elementor-widget elementor-widget-icon-list\" data-id=\"cf041de\" data-element_type=\"widget\" data-e-type=\"widget\" data-widget_type=\"icon-list.default\">\n\t\t\t\t<div class=\"elementor-widget-container\">\n\t\t\t\t\t\t\t<ul class=\"elementor-icon-list-items\">\n\t\t\t\t\t\t\t<li class=\"elementor-icon-list-item\">\n\t\t\t\t\t\t\t\t\t\t\t<a href=\"tel:+4917680691291\">\n\n\t\t\t\t\t\t\t\t\t\t\t\t<span class=\"elementor-icon-list-icon\">\n\t\t\t\t\t\t\t<svg aria-hidden=\"true\" class=\"e-font-icon-svg e-fas-phone-alt\" viewBox=\"0 0 512 512\" xmlns=\"http:\/\/www.w3.org\/2000\/svg\"><path d=\"M497.39 361.8l-112-48a24 24 0 0 0-28 6.9l-49.6 60.6A370.66 370.66 0 0 1 130.6 204.11l60.6-49.6a23.94 23.94 0 0 0 6.9-28l-48-112A24.16 24.16 0 0 0 122.6.61l-104 24A24 24 0 0 0 0 48c0 256.5 207.9 464 464 464a24 24 0 0 0 23.4-18.6l24-104a24.29 24.29 0 0 0-14.01-27.6z\"><\/path><\/svg>\t\t\t\t\t\t<\/span>\n\t\t\t\t\t\t\t\t\t\t<span class=\"elementor-icon-list-text\">+4917680691291<\/span>\n\t\t\t\t\t\t\t\t\t\t\t<\/a>\n\t\t\t\t\t\t\t\t\t<\/li>\n\t\t\t\t\t\t\t\t<li class=\"elementor-icon-list-item\">\n\t\t\t\t\t\t\t\t\t\t\t<a href=\"tel:+4917662437468%20\">\n\n\t\t\t\t\t\t\t\t\t\t\t\t<span class=\"elementor-icon-list-icon\">\n\t\t\t\t\t\t\t<svg aria-hidden=\"true\" class=\"e-font-icon-svg e-fas-phone-alt\" viewBox=\"0 0 512 512\" xmlns=\"http:\/\/www.w3.org\/2000\/svg\"><path d=\"M497.39 361.8l-112-48a24 24 0 0 0-28 6.9l-49.6 60.6A370.66 370.66 0 0 1 130.6 204.11l60.6-49.6a23.94 23.94 0 0 0 6.9-28l-48-112A24.16 24.16 0 0 0 122.6.61l-104 24A24 24 0 0 0 0 48c0 256.5 207.9 464 464 464a24 24 0 0 0 23.4-18.6l24-104a24.29 24.29 0 0 0-14.01-27.6z\"><\/path><\/svg>\t\t\t\t\t\t<\/span>\n\t\t\t\t\t\t\t\t\t\t<span class=\"elementor-icon-list-text\">+4917662437468 <\/span>\n\t\t\t\t\t\t\t\t\t\t\t<\/a>\n\t\t\t\t\t\t\t\t\t<\/li>\n\t\t\t\t\t\t<\/ul>\n\t\t\t\t\t\t<\/div>\n\t\t\t\t<\/div>\n\t\t\t\t<\/div>\n\t\t<div class=\"elementor-element elementor-element-8304fa6 e-con-full e-flex e-con e-child\" data-id=\"8304fa6\" data-element_type=\"container\" data-e-type=\"container\">\n\t\t\t\t<div class=\"elementor-element elementor-element-f6188d7 elementor-widget elementor-widget-twinkle_btn\" data-id=\"f6188d7\" data-element_type=\"widget\" data-e-type=\"widget\" data-widget_type=\"twinkle_btn.default\">\n\t\t\t\t<div class=\"elementor-widget-container\">\n\t\t\t\t\t\r\n                            <a href=\"https:\/\/raidostransport.de\/de\/kontakt\/\" target=\"_blank\" rel=\"nofollow\" class=\"thm-btn service-details__btn\">\r\n                    Kontakt                <\/a>\r\n            \r\n        \t\t\t\t<\/div>\n\t\t\t\t<\/div>\n\t\t\t\t<\/div>\n\t\t\t\t<\/div>\n\t\t\t\t<\/div>\n\t\t\t\t\t<\/div>\n\t\t\t\t<\/div>\n\t\t\t\t\t<\/div>\n\t\t<\/div>\n\t\t\t\t\t<\/div>\n\t\t<\/section>\n\t\t\t\t<\/div>\n\t\t","protected":false},"excerpt":{"rendered":"<p>Alle Dienstleistungen Professionelles Verpacken Bereitstellung von Verpackungsmaterialien Verpackung empfindlicher Gegenst\u00e4nde Verpackung von gro\u00dfen M\u00f6belst\u00fccken Verpackung von elektronischen Ger\u00e4ten Demontage und individuelle Verpackung Demontage und individuelle Verpackung Die Demontage und individuelle Verpackung von M\u00f6beln und anderen Gegenst\u00e4nden ist ein wesentlicher Bestandteil unseres Umzugsservices bei Raidos Transport. Wir verstehen, dass einige M\u00f6belst\u00fccke oder Einrichtungen besondere Aufmerksamkeit erfordern, [&hellip;]<\/p>\n","protected":false},"author":1,"featured_media":0,"parent":0,"menu_order":0,"comment_status":"closed","ping_status":"closed","template":"","meta":{"_acf_changed":false,"_monsterinsights_skip_tracking":false,"_monsterinsights_sitenote_active":false,"_monsterinsights_sitenote_note":"","_monsterinsights_sitenote_category":0,"footnotes":""},"class_list":["post-9227","page","type-page","status-publish","hentry"],"acf":[],"yoast_head":"<!-- This site is optimized with the Yoast SEO plugin v26.9 - https:\/\/yoast.com\/product\/yoast-seo-wordpress\/ -->\n<title>Demontage und individuelle Verpackung - Raidos Transport<\/title>\n<meta name=\"description\" content=\"Raidos Transport bietet professionelle Demontage und individuelle Verpackung von M\u00f6beln und Einrichtungsgegenst\u00e4nden. Wir sorgen f\u00fcr sicheren Transport und einen stressfreien Umzug, mit hochwertigem Verpackungsmaterial und fachgerechter Montage.\" \/>\n<meta name=\"robots\" content=\"index, follow, max-snippet:-1, max-image-preview:large, max-video-preview:-1\" \/>\n<link rel=\"canonical\" href=\"https:\/\/raidostransport.de\/en\/demontage-und-individuelle-verpackung\/\" \/>\n<meta property=\"og:locale\" content=\"en_US\" \/>\n<meta property=\"og:type\" content=\"article\" \/>\n<meta property=\"og:title\" content=\"Demontage und individuelle Verpackung - Raidos Transport\" \/>\n<meta property=\"og:description\" content=\"Raidos Transport bietet professionelle Demontage und individuelle Verpackung von M\u00f6beln und Einrichtungsgegenst\u00e4nden. Wir sorgen f\u00fcr sicheren Transport und einen stressfreien Umzug, mit hochwertigem Verpackungsmaterial und fachgerechter Montage.\" \/>\n<meta property=\"og:url\" content=\"https:\/\/raidostransport.de\/en\/demontage-und-individuelle-verpackung\/\" \/>\n<meta property=\"og:site_name\" content=\"Raidos Transport\" \/>\n<meta property=\"article:modified_time\" content=\"2025-03-12T08:05:28+00:00\" \/>\n<meta property=\"og:image\" content=\"https:\/\/raidostransport.de\/wp-content\/uploads\/2024\/11\/Untitled-770-x-525-px-7-1024x931.png\" \/>\n<meta name=\"twitter:card\" content=\"summary_large_image\" \/>\n<meta name=\"twitter:label1\" content=\"Est. reading time\" \/>\n\t<meta name=\"twitter:data1\" content=\"2 minutes\" \/>\n<script type=\"application\/ld+json\" class=\"yoast-schema-graph\">{\"@context\":\"https:\/\/schema.org\",\"@graph\":[{\"@type\":\"WebPage\",\"@id\":\"https:\/\/raidostransport.de\/demontage-und-individuelle-verpackung\/\",\"url\":\"https:\/\/raidostransport.de\/demontage-und-individuelle-verpackung\/\",\"name\":\"Demontage und individuelle Verpackung - Raidos Transport\",\"isPartOf\":{\"@id\":\"https:\/\/raidostransport.de\/#website\"},\"primaryImageOfPage\":{\"@id\":\"https:\/\/raidostransport.de\/demontage-und-individuelle-verpackung\/#primaryimage\"},\"image\":{\"@id\":\"https:\/\/raidostransport.de\/demontage-und-individuelle-verpackung\/#primaryimage\"},\"thumbnailUrl\":\"https:\/\/raidostransport.de\/wp-content\/uploads\/2024\/11\/Untitled-770-x-525-px-7-1024x931.png\",\"datePublished\":\"2024-11-21T14:31:50+00:00\",\"dateModified\":\"2025-03-12T08:05:28+00:00\",\"description\":\"Raidos Transport bietet professionelle Demontage und individuelle Verpackung von M\u00f6beln und Einrichtungsgegenst\u00e4nden. Wir sorgen f\u00fcr sicheren Transport und einen stressfreien Umzug, mit hochwertigem Verpackungsmaterial und fachgerechter Montage.\",\"breadcrumb\":{\"@id\":\"https:\/\/raidostransport.de\/demontage-und-individuelle-verpackung\/#breadcrumb\"},\"inLanguage\":\"en-US\",\"potentialAction\":[{\"@type\":\"ReadAction\",\"target\":[\"https:\/\/raidostransport.de\/demontage-und-individuelle-verpackung\/\"]}]},{\"@type\":\"ImageObject\",\"inLanguage\":\"en-US\",\"@id\":\"https:\/\/raidostransport.de\/demontage-und-individuelle-verpackung\/#primaryimage\",\"url\":\"https:\/\/raidostransport.de\/wp-content\/uploads\/2024\/11\/Untitled-770-x-525-px-7-1024x931.png\",\"contentUrl\":\"https:\/\/raidostransport.de\/wp-content\/uploads\/2024\/11\/Untitled-770-x-525-px-7-1024x931.png\"},{\"@type\":\"BreadcrumbList\",\"@id\":\"https:\/\/raidostransport.de\/demontage-und-individuelle-verpackung\/#breadcrumb\",\"itemListElement\":[{\"@type\":\"ListItem\",\"position\":1,\"name\":\"Home\",\"item\":\"https:\/\/raidostransport.de\/\"},{\"@type\":\"ListItem\",\"position\":2,\"name\":\"Demontage und individuelle Verpackung\"}]},{\"@type\":\"WebSite\",\"@id\":\"https:\/\/raidostransport.de\/#website\",\"url\":\"https:\/\/raidostransport.de\/\",\"name\":\"Raidos Transport\",\"description\":\"\",\"potentialAction\":[{\"@type\":\"SearchAction\",\"target\":{\"@type\":\"EntryPoint\",\"urlTemplate\":\"https:\/\/raidostransport.de\/?s={search_term_string}\"},\"query-input\":{\"@type\":\"PropertyValueSpecification\",\"valueRequired\":true,\"valueName\":\"search_term_string\"}}],\"inLanguage\":\"en-US\"}]}<\/script>\n<!-- \/ Yoast SEO plugin. -->","yoast_head_json":{"title":"Demontage und individuelle Verpackung - Raidos Transport","description":"Raidos Transport bietet professionelle Demontage und individuelle Verpackung von M\u00f6beln und Einrichtungsgegenst\u00e4nden. Wir sorgen f\u00fcr sicheren Transport und einen stressfreien Umzug, mit hochwertigem Verpackungsmaterial und fachgerechter Montage.","robots":{"index":"index","follow":"follow","max-snippet":"max-snippet:-1","max-image-preview":"max-image-preview:large","max-video-preview":"max-video-preview:-1"},"canonical":"https:\/\/raidostransport.de\/en\/demontage-und-individuelle-verpackung\/","og_locale":"en_US","og_type":"article","og_title":"Demontage und individuelle Verpackung - Raidos Transport","og_description":"Raidos Transport bietet professionelle Demontage und individuelle Verpackung von M\u00f6beln und Einrichtungsgegenst\u00e4nden. Wir sorgen f\u00fcr sicheren Transport und einen stressfreien Umzug, mit hochwertigem Verpackungsmaterial und fachgerechter Montage.","og_url":"https:\/\/raidostransport.de\/en\/demontage-und-individuelle-verpackung\/","og_site_name":"Raidos Transport","article_modified_time":"2025-03-12T08:05:28+00:00","og_image":[{"url":"https:\/\/raidostransport.de\/wp-content\/uploads\/2024\/11\/Untitled-770-x-525-px-7-1024x931.png","type":"","width":"","height":""}],"twitter_card":"summary_large_image","twitter_misc":{"Est. reading time":"2 minutes"},"schema":{"@context":"https:\/\/schema.org","@graph":[{"@type":"WebPage","@id":"https:\/\/raidostransport.de\/demontage-und-individuelle-verpackung\/","url":"https:\/\/raidostransport.de\/demontage-und-individuelle-verpackung\/","name":"Demontage und individuelle Verpackung - Raidos Transport","isPartOf":{"@id":"https:\/\/raidostransport.de\/#website"},"primaryImageOfPage":{"@id":"https:\/\/raidostransport.de\/demontage-und-individuelle-verpackung\/#primaryimage"},"image":{"@id":"https:\/\/raidostransport.de\/demontage-und-individuelle-verpackung\/#primaryimage"},"thumbnailUrl":"https:\/\/raidostransport.de\/wp-content\/uploads\/2024\/11\/Untitled-770-x-525-px-7-1024x931.png","datePublished":"2024-11-21T14:31:50+00:00","dateModified":"2025-03-12T08:05:28+00:00","description":"Raidos Transport bietet professionelle Demontage und individuelle Verpackung von M\u00f6beln und Einrichtungsgegenst\u00e4nden. Wir sorgen f\u00fcr sicheren Transport und einen stressfreien Umzug, mit hochwertigem Verpackungsmaterial und fachgerechter Montage.","breadcrumb":{"@id":"https:\/\/raidostransport.de\/demontage-und-individuelle-verpackung\/#breadcrumb"},"inLanguage":"en-US","potentialAction":[{"@type":"ReadAction","target":["https:\/\/raidostransport.de\/demontage-und-individuelle-verpackung\/"]}]},{"@type":"ImageObject","inLanguage":"en-US","@id":"https:\/\/raidostransport.de\/demontage-und-individuelle-verpackung\/#primaryimage","url":"https:\/\/raidostransport.de\/wp-content\/uploads\/2024\/11\/Untitled-770-x-525-px-7-1024x931.png","contentUrl":"https:\/\/raidostransport.de\/wp-content\/uploads\/2024\/11\/Untitled-770-x-525-px-7-1024x931.png"},{"@type":"BreadcrumbList","@id":"https:\/\/raidostransport.de\/demontage-und-individuelle-verpackung\/#breadcrumb","itemListElement":[{"@type":"ListItem","position":1,"name":"Home","item":"https:\/\/raidostransport.de\/"},{"@type":"ListItem","position":2,"name":"Demontage und individuelle Verpackung"}]},{"@type":"WebSite","@id":"https:\/\/raidostransport.de\/#website","url":"https:\/\/raidostransport.de\/","name":"Raidos Transport","description":"","potentialAction":[{"@type":"SearchAction","target":{"@type":"EntryPoint","urlTemplate":"https:\/\/raidostransport.de\/?s={search_term_string}"},"query-input":{"@type":"PropertyValueSpecification","valueRequired":true,"valueName":"search_term_string"}}],"inLanguage":"en-US"}]}},"_links":{"self":[{"href":"https:\/\/raidostransport.de\/en\/wp-json\/wp\/v2\/pages\/9227","targetHints":{"allow":["GET"]}}],"collection":[{"href":"https:\/\/raidostransport.de\/en\/wp-json\/wp\/v2\/pages"}],"about":[{"href":"https:\/\/raidostransport.de\/en\/wp-json\/wp\/v2\/types\/page"}],"author":[{"embeddable":true,"href":"https:\/\/raidostransport.de\/en\/wp-json\/wp\/v2\/users\/1"}],"replies":[{"embeddable":true,"href":"https:\/\/raidostransport.de\/en\/wp-json\/wp\/v2\/comments?post=9227"}],"version-history":[{"count":19,"href":"https:\/\/raidostransport.de\/en\/wp-json\/wp\/v2\/pages\/9227\/revisions"}],"predecessor-version":[{"id":17529,"href":"https:\/\/raidostransport.de\/en\/wp-json\/wp\/v2\/pages\/9227\/revisions\/17529"}],"wp:attachment":[{"href":"https:\/\/raidostransport.de\/en\/wp-json\/wp\/v2\/media?parent=9227"}],"curies":[{"name":"wp","href":"https:\/\/api.w.org\/{rel}","templated":true}]}}