{"id":30,"date":"2023-09-26T11:40:36","date_gmt":"2023-09-26T11:40:36","guid":{"rendered":"https:\/\/twinkletheme.com\/themeforest\/wp\/elementor\/washup\/?page_id=30"},"modified":"2025-03-12T08:05:17","modified_gmt":"2025-03-12T08:05:17","slug":"buroreinigung","status":"publish","type":"page","link":"https:\/\/raidostransport.de\/en\/buroreinigung\/","title":{"rendered":"B\u00fcroreinigung"},"content":{"rendered":"\t\t<div data-elementor-type=\"wp-page\" data-elementor-id=\"30\" class=\"elementor elementor-30\" data-elementor-post-type=\"page\">\n\t\t\t\t\t\t<section class=\"elementor-section elementor-top-section elementor-element elementor-element-523b940 elementor-section-full_width elementor-section-stretched elementor-section-height-default elementor-section-height-default\" data-id=\"523b940\" data-element_type=\"section\" data-e-type=\"section\" data-settings=\"{&quot;stretch_section&quot;:&quot;section-stretched&quot;}\">\n\t\t\t\t\t\t<div class=\"elementor-container elementor-column-gap-no\">\n\t\t\t\t\t<div class=\"elementor-column elementor-col-100 elementor-top-column elementor-element elementor-element-8d33e32\" data-id=\"8d33e32\" data-element_type=\"column\" data-e-type=\"column\">\n\t\t\t<div class=\"elementor-widget-wrap elementor-element-populated\">\n\t\t\t\t\t\t<section class=\"elementor-section elementor-inner-section elementor-element elementor-element-2a93302 elementor-section-boxed elementor-section-height-default elementor-section-height-default\" data-id=\"2a93302\" data-element_type=\"section\" data-e-type=\"section\">\n\t\t\t\t\t\t<div class=\"elementor-container elementor-column-gap-default\">\n\t\t\t\t\t<div class=\"elementor-column elementor-col-50 elementor-inner-column elementor-element elementor-element-9c57c18\" data-id=\"9c57c18\" data-element_type=\"column\" data-e-type=\"column\">\n\t\t\t<div class=\"elementor-widget-wrap elementor-element-populated\">\n\t\t\t\t\t\t<div class=\"elementor-element elementor-element-482a170 elementor-widget elementor-widget-twinkle_image\" data-id=\"482a170\" data-element_type=\"widget\" data-e-type=\"widget\" data-widget_type=\"twinkle_image.default\">\n\t\t\t\t<div class=\"elementor-widget-container\">\n\t\t\t\t\t\r\n        \r\n            <div class=\"service-details__top-img\">\r\n                <img decoding=\"async\" src=\"https:\/\/raidostransport.de\/wp-content\/uploads\/2024\/11\/radios-transport-1-8-1024x698.png\" alt=\"\" \/>\r\n            <\/div>\r\n        \r\n        \r\n        \t\t\t\t<\/div>\n\t\t\t\t<\/div>\n\t\t\t\t\t<\/div>\n\t\t<\/div>\n\t\t\t\t<div class=\"elementor-column elementor-col-50 elementor-inner-column elementor-element elementor-element-93b71d2\" data-id=\"93b71d2\" data-element_type=\"column\" data-e-type=\"column\">\n\t\t\t<div class=\"elementor-widget-wrap elementor-element-populated\">\n\t\t\t\t\t\t<div class=\"elementor-element elementor-element-bdc183a elementor-widget elementor-widget-twinkle_service_list\" data-id=\"bdc183a\" data-element_type=\"widget\" data-e-type=\"widget\" data-widget_type=\"twinkle_service_list.default\">\n\t\t\t\t<div class=\"elementor-widget-container\">\n\t\t\t\t\t\r\n            <div class=\"service-details__sidebar\">\r\n                <h2 class=\"service-details__sidebar-title\">Alle Dienstleistungen<\/h2>\r\n                <ul class=\"service-details__sidebar-list pl-0\">\r\n                                                                        <li class=\"service-details__sidebar-list-item\">\r\n                                <a target=\"\" rel=\"\" href=\"https:\/\/raidostransport.de\/de\/buroreinigung\/\">\r\n                                    B\u00fcroreinigung                                 <\/a>\r\n                            <\/li>\r\n                                                                                                <li class=\"service-details__sidebar-list-item\">\r\n                                <a target=\"\" rel=\"\" href=\"https:\/\/raidostransport.de\/wohnungsreinigung\/\">\r\n                                    Wohnungsreinigung                                <\/a>\r\n                            <\/li>\r\n                                                                                                <li class=\"service-details__sidebar-list-item\">\r\n                                <a target=\"\" rel=\"\" href=\"https:\/\/raidostransport.de\/de\/sonderreinigungen\/\">\r\n                                    Sonderreinigungen                                <\/a>\r\n                            <\/li>\r\n                                                                                                <li class=\"service-details__sidebar-list-item\">\r\n                                <a target=\"\" rel=\"\" href=\"https:\/\/raidostransport.de\/de\/tiefenreinigung\/\">\r\n                                    Tiefenreinigung                                <\/a>\r\n                            <\/li>\r\n                                                                                                <li class=\"service-details__sidebar-list-item\">\r\n                                <a target=\"\" rel=\"\" href=\"https:\/\/raidostransport.de\/de\/fenster-und-glasreinigung\/\">\r\n                                    Fenster- und Glasreinigung                                <\/a>\r\n                            <\/li>\r\n                                                                                                <li class=\"service-details__sidebar-list-item\">\r\n                                <a target=\"\" rel=\"\" href=\"https:\/\/raidostransport.de\/endreinigung-fur-umzuge\">\r\n                                    Endreinigung f\u00fcr Umz\u00fcge                                <\/a>\r\n                            <\/li>\r\n                                                            <\/ul>\r\n            <\/div>\r\n\r\n        \t\t\t\t<\/div>\n\t\t\t\t<\/div>\n\t\t\t\t\t<\/div>\n\t\t<\/div>\n\t\t\t\t\t<\/div>\n\t\t<\/section>\n\t\t\t\t<section class=\"elementor-section elementor-inner-section elementor-element elementor-element-92069b8 elementor-section-boxed elementor-section-height-default elementor-section-height-default\" data-id=\"92069b8\" data-element_type=\"section\" data-e-type=\"section\">\n\t\t\t\t\t\t<div class=\"elementor-container elementor-column-gap-default\">\n\t\t\t\t\t<div class=\"elementor-column elementor-col-100 elementor-inner-column elementor-element elementor-element-ad3d7b2\" data-id=\"ad3d7b2\" data-element_type=\"column\" data-e-type=\"column\">\n\t\t\t<div class=\"elementor-widget-wrap elementor-element-populated\">\n\t\t\t\t\t\t<div class=\"elementor-element elementor-element-fcaf4b3 elementor-widget elementor-widget-twinkle_heading\" data-id=\"fcaf4b3\" data-element_type=\"widget\" data-e-type=\"widget\" data-widget_type=\"twinkle_heading.default\">\n\t\t\t\t<div class=\"elementor-widget-container\">\n\t\t\t\t\t\r\n        \r\n            <div class=\"section-title\">\r\n                                <h2 class=\"section-title__title\">B\u00fcroreinigung<\/h2>                                    <p class=\"section-title__text\">Es gibt viele Variationen von B\u00fcroreinigungsdiensten, aber die Mehrheit hat in irgendeiner Form Ver\u00e4nderungen erfahren, sei es durch humorvolle Erg\u00e4nzungen oder zuf\u00e4llig eingef\u00fcgte W\u00f6rter, die nicht ganz glaubw\u00fcrdig erscheinen. Wenn Sie also nach einer zuverl\u00e4ssigen B\u00fcroreinigung suchen, stellen Sie sicher, dass keine versteckten \u00dcberraschungen in unserem Service stecken. Wir bieten einen echten, professionellen Reinigungsservice, der Ihre B\u00fcros sauber und ordentlich h\u00e4lt, damit Sie sich auf das Wesentliche konzentrieren k\u00f6nnen.\nUnsere B\u00fcroreinigung umfasst eine Vielzahl von Dienstleistungen, die speziell auf die Bed\u00fcrfnisse Ihres Unternehmens abgestimmt sind. Wir bieten regelm\u00e4\u00dfige Reinigungen, Tiefenreinigungen und Fensterreinigungen, um sicherzustellen, dass Ihr B\u00fcro immer in einem hervorragenden Zustand ist. Mit jahrelanger Erfahrung im Bereich der B\u00fcroreinigung haben wir die richtige Ausr\u00fcstung und Expertise, um Ihr Arbeitsumfeld so hygienisch und einladend wie m\u00f6glich zu gestalten.\n\nUnser B\u00fcroreinigungsservice bietet:\n\n\n<\/p>\r\n                            <\/div>\r\n\r\n        \r\n        \t\t\t\t<\/div>\n\t\t\t\t<\/div>\n\t\t\t\t\t<\/div>\n\t\t<\/div>\n\t\t\t\t\t<\/div>\n\t\t<\/section>\n\t\t\t\t<section class=\"elementor-section elementor-inner-section elementor-element elementor-element-8d7b487 elementor-section-boxed elementor-section-height-default elementor-section-height-default\" data-id=\"8d7b487\" data-element_type=\"section\" data-e-type=\"section\">\n\t\t\t\t\t\t<div class=\"elementor-container elementor-column-gap-default\">\n\t\t\t\t\t<div class=\"elementor-column elementor-col-50 elementor-inner-column elementor-element elementor-element-08cc18e\" data-id=\"08cc18e\" data-element_type=\"column\" data-e-type=\"column\">\n\t\t\t<div class=\"elementor-widget-wrap elementor-element-populated\">\n\t\t\t\t\t\t<div class=\"elementor-element elementor-element-4744776 elementor-widget__width-initial elementor-widget elementor-widget-image\" data-id=\"4744776\" data-element_type=\"widget\" data-e-type=\"widget\" data-widget_type=\"image.default\">\n\t\t\t\t<div class=\"elementor-widget-container\">\n\t\t\t\t\t\t\t\t\t\t\t\t\t\t\t<img fetchpriority=\"high\" decoding=\"async\" width=\"640\" height=\"502\" src=\"https:\/\/raidostransport.de\/wp-content\/uploads\/2024\/11\/radios-transport-2-12.png\" class=\"attachment-large size-large wp-image-9355\" alt=\"\" srcset=\"https:\/\/raidostransport.de\/wp-content\/uploads\/2024\/11\/radios-transport-2-12.png 694w, https:\/\/raidostransport.de\/wp-content\/uploads\/2024\/11\/radios-transport-2-12-300x235.png 300w\" sizes=\"(max-width: 640px) 100vw, 640px\" \/>\t\t\t\t\t\t\t\t\t\t\t\t\t\t\t<\/div>\n\t\t\t\t<\/div>\n\t\t\t\t\t<\/div>\n\t\t<\/div>\n\t\t\t\t<div class=\"elementor-column elementor-col-50 elementor-inner-column elementor-element elementor-element-2a7bacc\" data-id=\"2a7bacc\" data-element_type=\"column\" data-e-type=\"column\">\n\t\t\t<div class=\"elementor-widget-wrap elementor-element-populated\">\n\t\t\t\t\t\t<div class=\"elementor-element elementor-element-bf1af92 elementor-widget elementor-widget-twinkle_heading\" data-id=\"bf1af92\" data-element_type=\"widget\" data-e-type=\"widget\" data-widget_type=\"twinkle_heading.default\">\n\t\t\t\t<div class=\"elementor-widget-container\">\n\t\t\t\t\t\r\n        \r\n            <div class=\"section-title\">\r\n                                                                    <p class=\"section-title__text\">F\u00fcr eine gr\u00fcndliche und regelm\u00e4\u00dfige Pflege Ihres B\u00fcros bietet Raidos Transport ma\u00dfgeschneiderte Reinigungsdienstleistungen. Unsere regelm\u00e4\u00dfige B\u00fcroreinigung sorgt daf\u00fcr, dass Ihr Arbeitsplatz t\u00e4glich oder w\u00f6chentlich frei von Staub, Schmutz und Ablagerungen bleibt. Dar\u00fcber hinaus k\u00fcmmern wir uns um die Fenster- und Glasreinigung, damit Ihre B\u00fcrofenster stets gl\u00e4nzen und Ihr Blick frei bleibt. F\u00fcr eine tiefere Reinigung bieten wir eine gr\u00fcndliche Teppich- und Polsterreinigung sowie die Pflege schwer zug\u00e4nglicher Stellen an. Nach Renovierungen oder vor dem Einzug in neue B\u00fcrofl\u00e4chen bieten wir Ihnen eine professionelle Endreinigung, um alles in einwandfreiem Zustand zu hinterlassen. Unsere Reinigungsdienstleistungen werden individuell an Ihre Anforderungen angepasst, damit Ihr B\u00fcro stets ein angenehmes und professionelles Arbeitsumfeld bietet. Vertrauen Sie auf Raidos Transport, um Ihr B\u00fcro jederzeit in Bestform zu pr\u00e4sentieren!\n\n<\/p>\r\n                            <\/div>\r\n\r\n        \r\n        \t\t\t\t<\/div>\n\t\t\t\t<\/div>\n\t\t\t\t\t<\/div>\n\t\t<\/div>\n\t\t\t\t\t<\/div>\n\t\t<\/section>\n\t\t\t\t\t<\/div>\n\t\t<\/div>\n\t\t\t\t\t<\/div>\n\t\t<\/section>\n\t\t\t\t<section class=\"elementor-section elementor-top-section elementor-element elementor-element-51962e9 elementor-section-full_width elementor-section-stretched elementor-section-height-min-height elementor-section-height-default elementor-section-items-middle\" data-id=\"51962e9\" data-element_type=\"section\" data-e-type=\"section\" data-settings=\"{&quot;stretch_section&quot;:&quot;section-stretched&quot;,&quot;background_background&quot;:&quot;classic&quot;}\">\n\t\t\t\t\t\t\t<div class=\"elementor-background-overlay\"><\/div>\n\t\t\t\t\t\t\t<div class=\"elementor-container elementor-column-gap-no\">\n\t\t\t\t\t<div class=\"elementor-column elementor-col-100 elementor-top-column elementor-element elementor-element-afc8ca0\" data-id=\"afc8ca0\" data-element_type=\"column\" data-e-type=\"column\">\n\t\t\t<div class=\"elementor-widget-wrap elementor-element-populated\">\n\t\t\t\t<div class=\"elementor-element elementor-element-52a9ed5 e-flex e-con-boxed e-con e-parent\" data-id=\"52a9ed5\" data-element_type=\"container\" data-e-type=\"container\">\n\t\t\t\t\t<div class=\"e-con-inner\">\n\t\t<div class=\"elementor-element elementor-element-4c66a76 e-con-full e-flex e-con e-child\" data-id=\"4c66a76\" data-element_type=\"container\" data-e-type=\"container\">\n\t\t<div class=\"elementor-element elementor-element-0f350a2 e-con-full e-flex e-con e-child\" data-id=\"0f350a2\" data-element_type=\"container\" data-e-type=\"container\">\n\t\t<div class=\"elementor-element elementor-element-176fa6a e-con-full e-flex e-con e-child\" data-id=\"176fa6a\" data-element_type=\"container\" data-e-type=\"container\">\n\t\t\t\t<div class=\"elementor-element elementor-element-d423999 elementor-widget elementor-widget-heading\" data-id=\"d423999\" data-element_type=\"widget\" data-e-type=\"widget\" data-widget_type=\"heading.default\">\n\t\t\t\t<div class=\"elementor-widget-container\">\n\t\t\t\t\t<h2 class=\"elementor-heading-title elementor-size-default\">Die Putzfrau in Ihrer N\u00e4he \u2013 bereit, Ihnen zu helfen. Jetzt anrufen!<\/h2>\t\t\t\t<\/div>\n\t\t\t\t<\/div>\n\t\t\t\t<div class=\"elementor-element elementor-element-c299160 elementor-icon-list--layout-traditional elementor-list-item-link-full_width elementor-widget elementor-widget-icon-list\" data-id=\"c299160\" data-element_type=\"widget\" data-e-type=\"widget\" data-widget_type=\"icon-list.default\">\n\t\t\t\t<div class=\"elementor-widget-container\">\n\t\t\t\t\t\t\t<ul class=\"elementor-icon-list-items\">\n\t\t\t\t\t\t\t<li class=\"elementor-icon-list-item\">\n\t\t\t\t\t\t\t\t\t\t\t<a href=\"tel:+4917680691291\">\n\n\t\t\t\t\t\t\t\t\t\t\t\t<span class=\"elementor-icon-list-icon\">\n\t\t\t\t\t\t\t<svg aria-hidden=\"true\" class=\"e-font-icon-svg e-fas-phone-alt\" viewBox=\"0 0 512 512\" xmlns=\"http:\/\/www.w3.org\/2000\/svg\"><path d=\"M497.39 361.8l-112-48a24 24 0 0 0-28 6.9l-49.6 60.6A370.66 370.66 0 0 1 130.6 204.11l60.6-49.6a23.94 23.94 0 0 0 6.9-28l-48-112A24.16 24.16 0 0 0 122.6.61l-104 24A24 24 0 0 0 0 48c0 256.5 207.9 464 464 464a24 24 0 0 0 23.4-18.6l24-104a24.29 24.29 0 0 0-14.01-27.6z\"><\/path><\/svg>\t\t\t\t\t\t<\/span>\n\t\t\t\t\t\t\t\t\t\t<span class=\"elementor-icon-list-text\">+4917680691291<\/span>\n\t\t\t\t\t\t\t\t\t\t\t<\/a>\n\t\t\t\t\t\t\t\t\t<\/li>\n\t\t\t\t\t\t\t\t<li class=\"elementor-icon-list-item\">\n\t\t\t\t\t\t\t\t\t\t\t<a href=\"tel:+4917662437468%20\">\n\n\t\t\t\t\t\t\t\t\t\t\t\t<span class=\"elementor-icon-list-icon\">\n\t\t\t\t\t\t\t<svg aria-hidden=\"true\" class=\"e-font-icon-svg e-fas-phone-alt\" viewBox=\"0 0 512 512\" xmlns=\"http:\/\/www.w3.org\/2000\/svg\"><path d=\"M497.39 361.8l-112-48a24 24 0 0 0-28 6.9l-49.6 60.6A370.66 370.66 0 0 1 130.6 204.11l60.6-49.6a23.94 23.94 0 0 0 6.9-28l-48-112A24.16 24.16 0 0 0 122.6.61l-104 24A24 24 0 0 0 0 48c0 256.5 207.9 464 464 464a24 24 0 0 0 23.4-18.6l24-104a24.29 24.29 0 0 0-14.01-27.6z\"><\/path><\/svg>\t\t\t\t\t\t<\/span>\n\t\t\t\t\t\t\t\t\t\t<span class=\"elementor-icon-list-text\">+4917662437468 <\/span>\n\t\t\t\t\t\t\t\t\t\t\t<\/a>\n\t\t\t\t\t\t\t\t\t<\/li>\n\t\t\t\t\t\t<\/ul>\n\t\t\t\t\t\t<\/div>\n\t\t\t\t<\/div>\n\t\t\t\t<\/div>\n\t\t<div class=\"elementor-element elementor-element-17bcea0 e-con-full e-flex e-con e-child\" data-id=\"17bcea0\" data-element_type=\"container\" data-e-type=\"container\">\n\t\t\t\t<div class=\"elementor-element elementor-element-c458482 elementor-widget elementor-widget-twinkle_btn\" data-id=\"c458482\" data-element_type=\"widget\" data-e-type=\"widget\" data-widget_type=\"twinkle_btn.default\">\n\t\t\t\t<div class=\"elementor-widget-container\">\n\t\t\t\t\t\r\n                            <a href=\"https:\/\/raidostransport.de\/de\/kontakt\/\" target=\"_blank\" rel=\"nofollow\" class=\"thm-btn service-details__btn\">\r\n                    Kontakt                <\/a>\r\n            \r\n        \t\t\t\t<\/div>\n\t\t\t\t<\/div>\n\t\t\t\t<\/div>\n\t\t\t\t<\/div>\n\t\t\t\t<\/div>\n\t\t\t\t\t<\/div>\n\t\t\t\t<\/div>\n\t\t\t\t\t<\/div>\n\t\t<\/div>\n\t\t\t\t\t<\/div>\n\t\t<\/section>\n\t\t\t\t<\/div>\n\t\t","protected":false},"excerpt":{"rendered":"<p>Alle Dienstleistungen B\u00fcroreinigung Wohnungsreinigung Sonderreinigungen Tiefenreinigung Fenster- und Glasreinigung Endreinigung f\u00fcr Umz\u00fcge B\u00fcroreinigung Es gibt viele Variationen von B\u00fcroreinigungsdiensten, aber die Mehrheit hat in irgendeiner Form Ver\u00e4nderungen erfahren, sei es durch humorvolle Erg\u00e4nzungen oder zuf\u00e4llig eingef\u00fcgte W\u00f6rter, die nicht ganz glaubw\u00fcrdig erscheinen. Wenn Sie also nach einer zuverl\u00e4ssigen B\u00fcroreinigung suchen, stellen Sie sicher, dass keine [&hellip;]<\/p>\n","protected":false},"author":1,"featured_media":0,"parent":0,"menu_order":0,"comment_status":"closed","ping_status":"closed","template":"","meta":{"_acf_changed":false,"_monsterinsights_skip_tracking":false,"_monsterinsights_sitenote_active":false,"_monsterinsights_sitenote_note":"","_monsterinsights_sitenote_category":0,"footnotes":""},"class_list":["post-30","page","type-page","status-publish","hentry"],"acf":[],"yoast_head":"<!-- This site is optimized with the Yoast SEO plugin v26.9 - https:\/\/yoast.com\/product\/yoast-seo-wordpress\/ -->\n<title>B\u00fcroreinigung - Raidos Transport<\/title>\n<meta name=\"description\" content=\"Raidos Transport bietet professionelle B\u00fcroreinigung, einschlie\u00dflich regelm\u00e4\u00dfiger Reinigung, Tiefenreinigung und Fensterreinigung. Vertrauen Sie auf unseren Service, um Ihr B\u00fcro immer in einwandfreiem Zustand zu halten.\" \/>\n<meta name=\"robots\" content=\"index, follow, max-snippet:-1, max-image-preview:large, max-video-preview:-1\" \/>\n<link rel=\"canonical\" href=\"https:\/\/raidostransport.de\/en\/buroreinigung\/\" \/>\n<meta property=\"og:locale\" content=\"en_US\" \/>\n<meta property=\"og:type\" content=\"article\" \/>\n<meta property=\"og:title\" content=\"B\u00fcroreinigung - Raidos Transport\" \/>\n<meta property=\"og:description\" content=\"Raidos Transport bietet professionelle B\u00fcroreinigung, einschlie\u00dflich regelm\u00e4\u00dfiger Reinigung, Tiefenreinigung und Fensterreinigung. Vertrauen Sie auf unseren Service, um Ihr B\u00fcro immer in einwandfreiem Zustand zu halten.\" \/>\n<meta property=\"og:url\" content=\"https:\/\/raidostransport.de\/en\/buroreinigung\/\" \/>\n<meta property=\"og:site_name\" content=\"Raidos Transport\" \/>\n<meta property=\"article:modified_time\" content=\"2025-03-12T08:05:17+00:00\" \/>\n<meta property=\"og:image\" content=\"https:\/\/raidostransport.de\/wp-content\/uploads\/2024\/11\/radios-transport-1-8-1024x698.png\" \/>\n<meta name=\"twitter:card\" content=\"summary_large_image\" \/>\n<meta name=\"twitter:label1\" content=\"Est. reading time\" \/>\n\t<meta name=\"twitter:data1\" content=\"2 minutes\" \/>\n<script type=\"application\/ld+json\" class=\"yoast-schema-graph\">{\"@context\":\"https:\/\/schema.org\",\"@graph\":[{\"@type\":\"WebPage\",\"@id\":\"https:\/\/raidostransport.de\/buroreinigung\/\",\"url\":\"https:\/\/raidostransport.de\/buroreinigung\/\",\"name\":\"B\u00fcroreinigung - Raidos Transport\",\"isPartOf\":{\"@id\":\"https:\/\/raidostransport.de\/#website\"},\"primaryImageOfPage\":{\"@id\":\"https:\/\/raidostransport.de\/buroreinigung\/#primaryimage\"},\"image\":{\"@id\":\"https:\/\/raidostransport.de\/buroreinigung\/#primaryimage\"},\"thumbnailUrl\":\"https:\/\/raidostransport.de\/wp-content\/uploads\/2024\/11\/radios-transport-1-8-1024x698.png\",\"datePublished\":\"2023-09-26T11:40:36+00:00\",\"dateModified\":\"2025-03-12T08:05:17+00:00\",\"description\":\"Raidos Transport bietet professionelle B\u00fcroreinigung, einschlie\u00dflich regelm\u00e4\u00dfiger Reinigung, Tiefenreinigung und Fensterreinigung. Vertrauen Sie auf unseren Service, um Ihr B\u00fcro immer in einwandfreiem Zustand zu halten.\",\"breadcrumb\":{\"@id\":\"https:\/\/raidostransport.de\/buroreinigung\/#breadcrumb\"},\"inLanguage\":\"en-US\",\"potentialAction\":[{\"@type\":\"ReadAction\",\"target\":[\"https:\/\/raidostransport.de\/buroreinigung\/\"]}]},{\"@type\":\"ImageObject\",\"inLanguage\":\"en-US\",\"@id\":\"https:\/\/raidostransport.de\/buroreinigung\/#primaryimage\",\"url\":\"https:\/\/raidostransport.de\/wp-content\/uploads\/2024\/11\/radios-transport-1-8-1024x698.png\",\"contentUrl\":\"https:\/\/raidostransport.de\/wp-content\/uploads\/2024\/11\/radios-transport-1-8-1024x698.png\"},{\"@type\":\"BreadcrumbList\",\"@id\":\"https:\/\/raidostransport.de\/buroreinigung\/#breadcrumb\",\"itemListElement\":[{\"@type\":\"ListItem\",\"position\":1,\"name\":\"Home\",\"item\":\"https:\/\/raidostransport.de\/\"},{\"@type\":\"ListItem\",\"position\":2,\"name\":\"B\u00fcroreinigung\"}]},{\"@type\":\"WebSite\",\"@id\":\"https:\/\/raidostransport.de\/#website\",\"url\":\"https:\/\/raidostransport.de\/\",\"name\":\"Raidos Transport\",\"description\":\"\",\"potentialAction\":[{\"@type\":\"SearchAction\",\"target\":{\"@type\":\"EntryPoint\",\"urlTemplate\":\"https:\/\/raidostransport.de\/?s={search_term_string}\"},\"query-input\":{\"@type\":\"PropertyValueSpecification\",\"valueRequired\":true,\"valueName\":\"search_term_string\"}}],\"inLanguage\":\"en-US\"}]}<\/script>\n<!-- \/ Yoast SEO plugin. -->","yoast_head_json":{"title":"B\u00fcroreinigung - Raidos Transport","description":"Raidos Transport bietet professionelle B\u00fcroreinigung, einschlie\u00dflich regelm\u00e4\u00dfiger Reinigung, Tiefenreinigung und Fensterreinigung. Vertrauen Sie auf unseren Service, um Ihr B\u00fcro immer in einwandfreiem Zustand zu halten.","robots":{"index":"index","follow":"follow","max-snippet":"max-snippet:-1","max-image-preview":"max-image-preview:large","max-video-preview":"max-video-preview:-1"},"canonical":"https:\/\/raidostransport.de\/en\/buroreinigung\/","og_locale":"en_US","og_type":"article","og_title":"B\u00fcroreinigung - Raidos Transport","og_description":"Raidos Transport bietet professionelle B\u00fcroreinigung, einschlie\u00dflich regelm\u00e4\u00dfiger Reinigung, Tiefenreinigung und Fensterreinigung. Vertrauen Sie auf unseren Service, um Ihr B\u00fcro immer in einwandfreiem Zustand zu halten.","og_url":"https:\/\/raidostransport.de\/en\/buroreinigung\/","og_site_name":"Raidos Transport","article_modified_time":"2025-03-12T08:05:17+00:00","og_image":[{"url":"https:\/\/raidostransport.de\/wp-content\/uploads\/2024\/11\/radios-transport-1-8-1024x698.png","type":"","width":"","height":""}],"twitter_card":"summary_large_image","twitter_misc":{"Est. reading time":"2 minutes"},"schema":{"@context":"https:\/\/schema.org","@graph":[{"@type":"WebPage","@id":"https:\/\/raidostransport.de\/buroreinigung\/","url":"https:\/\/raidostransport.de\/buroreinigung\/","name":"B\u00fcroreinigung - Raidos Transport","isPartOf":{"@id":"https:\/\/raidostransport.de\/#website"},"primaryImageOfPage":{"@id":"https:\/\/raidostransport.de\/buroreinigung\/#primaryimage"},"image":{"@id":"https:\/\/raidostransport.de\/buroreinigung\/#primaryimage"},"thumbnailUrl":"https:\/\/raidostransport.de\/wp-content\/uploads\/2024\/11\/radios-transport-1-8-1024x698.png","datePublished":"2023-09-26T11:40:36+00:00","dateModified":"2025-03-12T08:05:17+00:00","description":"Raidos Transport bietet professionelle B\u00fcroreinigung, einschlie\u00dflich regelm\u00e4\u00dfiger Reinigung, Tiefenreinigung und Fensterreinigung. Vertrauen Sie auf unseren Service, um Ihr B\u00fcro immer in einwandfreiem Zustand zu halten.","breadcrumb":{"@id":"https:\/\/raidostransport.de\/buroreinigung\/#breadcrumb"},"inLanguage":"en-US","potentialAction":[{"@type":"ReadAction","target":["https:\/\/raidostransport.de\/buroreinigung\/"]}]},{"@type":"ImageObject","inLanguage":"en-US","@id":"https:\/\/raidostransport.de\/buroreinigung\/#primaryimage","url":"https:\/\/raidostransport.de\/wp-content\/uploads\/2024\/11\/radios-transport-1-8-1024x698.png","contentUrl":"https:\/\/raidostransport.de\/wp-content\/uploads\/2024\/11\/radios-transport-1-8-1024x698.png"},{"@type":"BreadcrumbList","@id":"https:\/\/raidostransport.de\/buroreinigung\/#breadcrumb","itemListElement":[{"@type":"ListItem","position":1,"name":"Home","item":"https:\/\/raidostransport.de\/"},{"@type":"ListItem","position":2,"name":"B\u00fcroreinigung"}]},{"@type":"WebSite","@id":"https:\/\/raidostransport.de\/#website","url":"https:\/\/raidostransport.de\/","name":"Raidos Transport","description":"","potentialAction":[{"@type":"SearchAction","target":{"@type":"EntryPoint","urlTemplate":"https:\/\/raidostransport.de\/?s={search_term_string}"},"query-input":{"@type":"PropertyValueSpecification","valueRequired":true,"valueName":"search_term_string"}}],"inLanguage":"en-US"}]}},"_links":{"self":[{"href":"https:\/\/raidostransport.de\/en\/wp-json\/wp\/v2\/pages\/30","targetHints":{"allow":["GET"]}}],"collection":[{"href":"https:\/\/raidostransport.de\/en\/wp-json\/wp\/v2\/pages"}],"about":[{"href":"https:\/\/raidostransport.de\/en\/wp-json\/wp\/v2\/types\/page"}],"author":[{"embeddable":true,"href":"https:\/\/raidostransport.de\/en\/wp-json\/wp\/v2\/users\/1"}],"replies":[{"embeddable":true,"href":"https:\/\/raidostransport.de\/en\/wp-json\/wp\/v2\/comments?post=30"}],"version-history":[{"count":13,"href":"https:\/\/raidostransport.de\/en\/wp-json\/wp\/v2\/pages\/30\/revisions"}],"predecessor-version":[{"id":17526,"href":"https:\/\/raidostransport.de\/en\/wp-json\/wp\/v2\/pages\/30\/revisions\/17526"}],"wp:attachment":[{"href":"https:\/\/raidostransport.de\/en\/wp-json\/wp\/v2\/media?parent=30"}],"curies":[{"name":"wp","href":"https:\/\/api.w.org\/{rel}","templated":true}]}}