{"id":9224,"date":"2024-11-21T13:59:29","date_gmt":"2024-11-21T13:59:29","guid":{"rendered":"https:\/\/raidostransport.de\/?page_id=9224"},"modified":"2025-03-12T08:00:29","modified_gmt":"2025-03-12T08:00:29","slug":"verpackung-empfindlicher-gegenstande","status":"publish","type":"page","link":"https:\/\/raidostransport.de\/de\/verpackung-empfindlicher-gegenstande\/","title":{"rendered":"Verpackung empfindlicher Gegenst\u00e4nde"},"content":{"rendered":"<div data-elementor-type=\"wp-page\" data-elementor-id=\"9224\" class=\"elementor elementor-9224\" data-elementor-post-type=\"page\">\n\t\t\t\t\t\t<section class=\"elementor-section elementor-top-section elementor-element elementor-element-523b940 elementor-section-full_width elementor-section-stretched elementor-section-height-default elementor-section-height-default\" data-id=\"523b940\" data-element_type=\"section\" data-e-type=\"section\" data-settings=\"{&quot;stretch_section&quot;:&quot;section-stretched&quot;}\">\n\t\t\t\t\t\t<div class=\"elementor-container elementor-column-gap-no\">\n\t\t\t\t\t<div class=\"elementor-column elementor-col-100 elementor-top-column elementor-element elementor-element-8d33e32\" data-id=\"8d33e32\" data-element_type=\"column\" data-e-type=\"column\">\n\t\t\t<div class=\"elementor-widget-wrap elementor-element-populated\">\n\t\t\t\t\t\t<section class=\"elementor-section elementor-inner-section elementor-element elementor-element-2a93302 elementor-section-boxed elementor-section-height-default elementor-section-height-default\" data-id=\"2a93302\" data-element_type=\"section\" data-e-type=\"section\">\n\t\t\t\t\t\t<div class=\"elementor-container elementor-column-gap-default\">\n\t\t\t\t\t<div class=\"elementor-column elementor-col-50 elementor-inner-column elementor-element elementor-element-9c57c18\" data-id=\"9c57c18\" data-element_type=\"column\" data-e-type=\"column\">\n\t\t\t<div class=\"elementor-widget-wrap elementor-element-populated\">\n\t\t\t\t\t\t<div class=\"elementor-element elementor-element-482a170 elementor-widget elementor-widget-twinkle_image\" data-id=\"482a170\" data-element_type=\"widget\" data-e-type=\"widget\" data-widget_type=\"twinkle_image.default\">\n\t\t\t\t<div class=\"elementor-widget-container\">\n\t\t\t\t\t\r\n        \r\n            <div class=\"service-details__top-img\">\r\n                <img decoding=\"async\" src=\"https:\/\/raidostransport.de\/wp-content\/uploads\/2024\/11\/Untitled-770-x-525-px-3-1024x931.png\" alt=\"\" \/>\r\n            <\/div>\r\n        \r\n        \r\n        \t\t\t\t<\/div>\n\t\t\t\t<\/div>\n\t\t\t\t\t<\/div>\n\t\t<\/div>\n\t\t\t\t<div class=\"elementor-column elementor-col-50 elementor-inner-column elementor-element elementor-element-93b71d2\" data-id=\"93b71d2\" data-element_type=\"column\" data-e-type=\"column\">\n\t\t\t<div class=\"elementor-widget-wrap elementor-element-populated\">\n\t\t\t\t\t\t<div class=\"elementor-element elementor-element-511e5d8 elementor-widget elementor-widget-twinkle_service_list\" data-id=\"511e5d8\" data-element_type=\"widget\" data-e-type=\"widget\" data-widget_type=\"twinkle_service_list.default\">\n\t\t\t\t<div class=\"elementor-widget-container\">\n\t\t\t\t\t\r\n            <div class=\"service-details__sidebar\">\r\n                <h2 class=\"service-details__sidebar-title\">Alle Dienstleistungen<\/h2>\r\n                <ul class=\"service-details__sidebar-list pl-0\">\r\n                                                                        <li class=\"service-details__sidebar-list-item\">\r\n                                <a target=\"\" rel=\"\" href=\"https:\/\/raidostransport.de\/professionelles-verpacken\/\">\r\n                                    Professionelles Verpacken                                <\/a>\r\n                            <\/li>\r\n                                                                                                <li class=\"service-details__sidebar-list-item\">\r\n                                <a target=\"\" rel=\"\" href=\"https:\/\/raidostransport.de\/bereitstellung-von-verpackungsmaterialien\/\">\r\n                                    Bereitstellung von Verpackungsmaterialien                                <\/a>\r\n                            <\/li>\r\n                                                                                                <li class=\"service-details__sidebar-list-item\">\r\n                                <a target=\"\" rel=\"\" href=\"https:\/\/raidostransport.de\/verpackung-empfindlicher-gegenstande\/\">\r\n                                    Verpackung empfindlicher Gegenst\u00e4nde                                <\/a>\r\n                            <\/li>\r\n                                                                                                <li class=\"service-details__sidebar-list-item\">\r\n                                <a target=\"\" rel=\"\" href=\"https:\/\/raidostransport.de\/verpackung-von-grosen-mobelstucken\/\">\r\n                                    Verpackung von gro\u00dfen M\u00f6belst\u00fccken                                <\/a>\r\n                            <\/li>\r\n                                                                                                <li class=\"service-details__sidebar-list-item\">\r\n                                <a target=\"\" rel=\"\" href=\"https:\/\/raidostransport.de\/verpackung-von-elektronischen-geraten\/\">\r\n                                    Verpackung von elektronischen Ger\u00e4ten                                <\/a>\r\n                            <\/li>\r\n                                                                                                <li class=\"service-details__sidebar-list-item\">\r\n                                <a target=\"\" rel=\"\" href=\"https:\/\/raidostransport.de\/demontage-und-individuelle-verpackung\/\">\r\n                                    Demontage und individuelle Verpackung                                <\/a>\r\n                            <\/li>\r\n                                                            <\/ul>\r\n            <\/div>\r\n\r\n        \t\t\t\t<\/div>\n\t\t\t\t<\/div>\n\t\t\t\t\t<\/div>\n\t\t<\/div>\n\t\t\t\t\t<\/div>\n\t\t<\/section>\n\t\t\t\t<section class=\"elementor-section elementor-inner-section elementor-element elementor-element-92069b8 elementor-section-boxed elementor-section-height-default elementor-section-height-default\" data-id=\"92069b8\" data-element_type=\"section\" data-e-type=\"section\">\n\t\t\t\t\t\t<div class=\"elementor-container elementor-column-gap-default\">\n\t\t\t\t\t<div class=\"elementor-column elementor-col-100 elementor-inner-column elementor-element elementor-element-ad3d7b2\" data-id=\"ad3d7b2\" data-element_type=\"column\" data-e-type=\"column\">\n\t\t\t<div class=\"elementor-widget-wrap elementor-element-populated\">\n\t\t\t\t\t\t<div class=\"elementor-element elementor-element-fcaf4b3 elementor-widget elementor-widget-twinkle_heading\" data-id=\"fcaf4b3\" data-element_type=\"widget\" data-e-type=\"widget\" data-widget_type=\"twinkle_heading.default\">\n\t\t\t\t<div class=\"elementor-widget-container\">\n\t\t\t\t\t\r\n        \r\n            <div class=\"section-title\">\r\n                                <h2 class=\"section-title__title\">Verpackung empfindlicher Gegenst\u00e4nde<\/h2>                                    <p class=\"section-title__text\">Die Verpackung empfindlicher Gegenst\u00e4nde erfordert besondere Sorgfalt und Pr\u00e4zision, um sicherzustellen, dass diese w\u00e4hrend des Transports unbesch\u00e4digt an ihrem Ziel ankommen. Bei Raidos Transport haben wir uns auf die sichere Verpackung von zerbrechlichen und wertvollen Gegenst\u00e4nden spezialisiert, wie beispielsweise Glaswaren, Kunstwerke, Porzellan, Elektronik und andere fragile Objekte.<\/p>\r\n                            <\/div>\r\n\r\n        \r\n        \t\t\t\t<\/div>\n\t\t\t\t<\/div>\n\t\t\t\t\t<\/div>\n\t\t<\/div>\n\t\t\t\t\t<\/div>\n\t\t<\/section>\n\t\t\t\t<section class=\"elementor-section elementor-inner-section elementor-element elementor-element-8d7b487 elementor-section-boxed elementor-section-height-default elementor-section-height-default\" data-id=\"8d7b487\" data-element_type=\"section\" data-e-type=\"section\">\n\t\t\t\t\t\t<div class=\"elementor-container elementor-column-gap-default\">\n\t\t\t\t\t<div class=\"elementor-column elementor-col-50 elementor-inner-column elementor-element elementor-element-08cc18e\" data-id=\"08cc18e\" data-element_type=\"column\" data-e-type=\"column\">\n\t\t\t<div class=\"elementor-widget-wrap elementor-element-populated\">\n\t\t\t\t\t\t<div class=\"elementor-element elementor-element-4744776 elementor-widget__width-initial elementor-widget elementor-widget-image\" data-id=\"4744776\" data-element_type=\"widget\" data-e-type=\"widget\" data-widget_type=\"image.default\">\n\t\t\t\t<div class=\"elementor-widget-container\">\n\t\t\t\t\t\t\t\t\t\t\t\t\t\t\t<img fetchpriority=\"high\" decoding=\"async\" width=\"640\" height=\"502\" src=\"https:\/\/raidostransport.de\/wp-content\/uploads\/2024\/11\/radios-transport-2-8.png\" class=\"attachment-large size-large wp-image-9276\" alt=\"\" srcset=\"https:\/\/raidostransport.de\/wp-content\/uploads\/2024\/11\/radios-transport-2-8.png 740w, https:\/\/raidostransport.de\/wp-content\/uploads\/2024\/11\/radios-transport-2-8-300x235.png 300w\" sizes=\"(max-width: 640px) 100vw, 640px\" \/>\t\t\t\t\t\t\t\t\t\t\t\t\t\t\t<\/div>\n\t\t\t\t<\/div>\n\t\t\t\t\t<\/div>\n\t\t<\/div>\n\t\t\t\t<div class=\"elementor-column elementor-col-50 elementor-inner-column elementor-element elementor-element-2a7bacc\" data-id=\"2a7bacc\" data-element_type=\"column\" data-e-type=\"column\">\n\t\t\t<div class=\"elementor-widget-wrap elementor-element-populated\">\n\t\t\t\t\t\t<div class=\"elementor-element elementor-element-bf1af92 elementor-widget elementor-widget-twinkle_heading\" data-id=\"bf1af92\" data-element_type=\"widget\" data-e-type=\"widget\" data-widget_type=\"twinkle_heading.default\">\n\t\t\t\t<div class=\"elementor-widget-container\">\n\t\t\t\t\t\r\n        \r\n            <div class=\"section-title\">\r\n                                                                    <p class=\"section-title__text\">Unsere erfahrenen Mitarbeiter verwenden speziell entwickelte Verpackungsmaterialien, wie sto\u00dfd\u00e4mpfende Polster, Luftpolsterfolie, Schaumstoffeinlagen und robuste Kartons, die perfekt auf die Form und den Schutzbedarf Ihrer Gegenst\u00e4nde abgestimmt sind. Wir verpacken Ihre empfindlichen Artikel mit h\u00f6chster Pr\u00e4zision, damit sie w\u00e4hrend des gesamten Transportprozesses vor St\u00f6\u00dfen, Kratzern oder anderen Besch\u00e4digungen gesch\u00fctzt sind.\n<br>\nOb es sich um den Transport von wertvollen Antiquit\u00e4ten, hochwertigen Elektronikger\u00e4ten oder empfindlichen Kunstwerken handelt, bei Raidos Transport k\u00f6nnen Sie sicher sein, dass Ihre wertvollen Besitzt\u00fcmer in besten H\u00e4nden sind. Wir garantieren Ihnen eine sorgf\u00e4ltige und professionelle Verpackung, damit Ihre empfindlichen Gegenst\u00e4nde sicher und unversehrt an ihrem Bestimmungsort ankommen. Vertrauen Sie auf unsere Expertise, um Ihre wertvollen G\u00fcter optimal zu sch\u00fctzen.<\/p>\r\n                            <\/div>\r\n\r\n        \r\n        \t\t\t\t<\/div>\n\t\t\t\t<\/div>\n\t\t\t\t\t<\/div>\n\t\t<\/div>\n\t\t\t\t\t<\/div>\n\t\t<\/section>\n\t\t\t\t\t<\/div>\n\t\t<\/div>\n\t\t\t\t\t<\/div>\n\t\t<\/section>\n\t\t\t\t<section class=\"elementor-section elementor-top-section elementor-element elementor-element-2fb0b48 elementor-section-full_width elementor-section-stretched elementor-section-height-min-height elementor-section-height-default elementor-section-items-middle\" data-id=\"2fb0b48\" data-element_type=\"section\" data-e-type=\"section\" data-settings=\"{&quot;stretch_section&quot;:&quot;section-stretched&quot;,&quot;background_background&quot;:&quot;classic&quot;}\">\n\t\t\t\t\t\t\t<div class=\"elementor-background-overlay\"><\/div>\n\t\t\t\t\t\t\t<div class=\"elementor-container elementor-column-gap-no\">\n\t\t\t\t\t<div class=\"elementor-column elementor-col-100 elementor-top-column elementor-element elementor-element-2f76610\" data-id=\"2f76610\" data-element_type=\"column\" data-e-type=\"column\">\n\t\t\t<div class=\"elementor-widget-wrap elementor-element-populated\">\n\t\t\t\t<div class=\"elementor-element elementor-element-03464a0 e-flex e-con-boxed e-con e-parent\" data-id=\"03464a0\" data-element_type=\"container\" data-e-type=\"container\">\n\t\t\t\t\t<div class=\"e-con-inner\">\n\t\t<div class=\"elementor-element elementor-element-26af0e1 e-con-full e-flex e-con e-child\" data-id=\"26af0e1\" data-element_type=\"container\" data-e-type=\"container\">\n\t\t<div class=\"elementor-element elementor-element-2059600 e-con-full e-flex e-con e-child\" data-id=\"2059600\" data-element_type=\"container\" data-e-type=\"container\">\n\t\t<div class=\"elementor-element elementor-element-eb795fd e-con-full e-flex e-con e-child\" data-id=\"eb795fd\" data-element_type=\"container\" data-e-type=\"container\">\n\t\t\t\t<div class=\"elementor-element elementor-element-7364eb7 elementor-widget elementor-widget-heading\" data-id=\"7364eb7\" data-element_type=\"widget\" data-e-type=\"widget\" data-widget_type=\"heading.default\">\n\t\t\t\t<div class=\"elementor-widget-container\">\n\t\t\t\t\t<h2 class=\"elementor-heading-title elementor-size-default\">Die Putzfrau in Ihrer N\u00e4he \u2013 bereit, Ihnen zu helfen. Jetzt anrufen!<\/h2>\t\t\t\t<\/div>\n\t\t\t\t<\/div>\n\t\t\t\t<div class=\"elementor-element elementor-element-9bb2080 elementor-icon-list--layout-traditional elementor-list-item-link-full_width elementor-widget elementor-widget-icon-list\" data-id=\"9bb2080\" data-element_type=\"widget\" data-e-type=\"widget\" data-widget_type=\"icon-list.default\">\n\t\t\t\t<div class=\"elementor-widget-container\">\n\t\t\t\t\t\t\t<ul class=\"elementor-icon-list-items\">\n\t\t\t\t\t\t\t<li class=\"elementor-icon-list-item\">\n\t\t\t\t\t\t\t\t\t\t\t<a href=\"tel:+4917680691291\">\n\n\t\t\t\t\t\t\t\t\t\t\t\t<span class=\"elementor-icon-list-icon\">\n\t\t\t\t\t\t\t<svg aria-hidden=\"true\" class=\"e-font-icon-svg e-fas-phone-alt\" viewbox=\"0 0 512 512\" xmlns=\"http:\/\/www.w3.org\/2000\/svg\"><path d=\"M497.39 361.8l-112-48a24 24 0 0 0-28 6.9l-49.6 60.6A370.66 370.66 0 0 1 130.6 204.11l60.6-49.6a23.94 23.94 0 0 0 6.9-28l-48-112A24.16 24.16 0 0 0 122.6.61l-104 24A24 24 0 0 0 0 48c0 256.5 207.9 464 464 464a24 24 0 0 0 23.4-18.6l24-104a24.29 24.29 0 0 0-14.01-27.6z\"><\/path><\/svg>\t\t\t\t\t\t<\/span>\n\t\t\t\t\t\t\t\t\t\t<span class=\"elementor-icon-list-text\">+4917680691291<\/span>\n\t\t\t\t\t\t\t\t\t\t\t<\/a>\n\t\t\t\t\t\t\t\t\t<\/li>\n\t\t\t\t\t\t\t\t<li class=\"elementor-icon-list-item\">\n\t\t\t\t\t\t\t\t\t\t\t<a href=\"tel:+4917662437468%20\">\n\n\t\t\t\t\t\t\t\t\t\t\t\t<span class=\"elementor-icon-list-icon\">\n\t\t\t\t\t\t\t<svg aria-hidden=\"true\" class=\"e-font-icon-svg e-fas-phone-alt\" viewbox=\"0 0 512 512\" xmlns=\"http:\/\/www.w3.org\/2000\/svg\"><path d=\"M497.39 361.8l-112-48a24 24 0 0 0-28 6.9l-49.6 60.6A370.66 370.66 0 0 1 130.6 204.11l60.6-49.6a23.94 23.94 0 0 0 6.9-28l-48-112A24.16 24.16 0 0 0 122.6.61l-104 24A24 24 0 0 0 0 48c0 256.5 207.9 464 464 464a24 24 0 0 0 23.4-18.6l24-104a24.29 24.29 0 0 0-14.01-27.6z\"><\/path><\/svg>\t\t\t\t\t\t<\/span>\n\t\t\t\t\t\t\t\t\t\t<span class=\"elementor-icon-list-text\">+4917662437468 <\/span>\n\t\t\t\t\t\t\t\t\t\t\t<\/a>\n\t\t\t\t\t\t\t\t\t<\/li>\n\t\t\t\t\t\t<\/ul>\n\t\t\t\t\t\t<\/div>\n\t\t\t\t<\/div>\n\t\t\t\t<\/div>\n\t\t<div class=\"elementor-element elementor-element-61dcd91 e-con-full e-flex e-con e-child\" data-id=\"61dcd91\" data-element_type=\"container\" data-e-type=\"container\">\n\t\t\t\t<div class=\"elementor-element elementor-element-7074471 elementor-widget elementor-widget-twinkle_btn\" data-id=\"7074471\" data-element_type=\"widget\" data-e-type=\"widget\" data-widget_type=\"twinkle_btn.default\">\n\t\t\t\t<div class=\"elementor-widget-container\">\n\t\t\t\t\t\r\n                            <a href=\"https:\/\/raidostransport.de\/de\/kontakt\/\" target=\"_blank\" rel=\"nofollow\" class=\"thm-btn service-details__btn\">\r\n                    Kontakt                <\/a>\r\n            \r\n        \t\t\t\t<\/div>\n\t\t\t\t<\/div>\n\t\t\t\t<\/div>\n\t\t\t\t<\/div>\n\t\t\t\t<\/div>\n\t\t\t\t\t<\/div>\n\t\t\t\t<\/div>\n\t\t\t\t\t<\/div>\n\t\t<\/div>\n\t\t\t\t\t<\/div>\n\t\t<\/section>\n\t\t\t\t<\/div>","protected":false},"excerpt":{"rendered":"<p>Alle Dienstleistungen Professionelles Verpacken Bereitstellung von Verpackungsmaterialien Verpackung empfindlicher Gegenst\u00e4nde Verpackung von gro\u00dfen M\u00f6belst\u00fccken Verpackung von elektronischen Ger\u00e4ten Demontage und individuelle Verpackung Verpackung empfindlicher Gegenst\u00e4nde Die Verpackung empfindlicher Gegenst\u00e4nde erfordert besondere Sorgfalt und Pr\u00e4zision, um sicherzustellen, dass diese w\u00e4hrend des Transports unbesch\u00e4digt an ihrem Ziel ankommen. Bei Raidos Transport haben wir uns auf die sichere [&hellip;]<\/p>\n","protected":false},"author":1,"featured_media":0,"parent":0,"menu_order":0,"comment_status":"closed","ping_status":"closed","template":"","meta":{"_acf_changed":false,"_monsterinsights_skip_tracking":false,"_monsterinsights_sitenote_active":false,"_monsterinsights_sitenote_note":"","_monsterinsights_sitenote_category":0,"footnotes":""},"class_list":["post-9224","page","type-page","status-publish","hentry"],"acf":[],"yoast_head":"<!-- This site is optimized with the Yoast SEO plugin v26.9 - https:\/\/yoast.com\/product\/yoast-seo-wordpress\/ -->\n<title>Verpackung empfindlicher Gegenst\u00e4nde - Raidos Transport<\/title>\n<meta name=\"description\" content=\"Raidos Transport bietet professionelle Verpackung empfindlicher Gegenst\u00e4nde wie Kunstwerke, Elektronik und Porzellan. Mit speziellen Verpackungsmaterialien und hoher Pr\u00e4zision garantieren wir den sicheren Transport Ihrer wertvollen Besitzt\u00fcmer.\" \/>\n<meta name=\"robots\" content=\"index, follow, max-snippet:-1, max-image-preview:large, max-video-preview:-1\" \/>\n<link rel=\"canonical\" href=\"https:\/\/raidostransport.de\/de\/verpackung-empfindlicher-gegenstande\/\" \/>\n<meta property=\"og:locale\" content=\"de_DE\" \/>\n<meta property=\"og:type\" content=\"article\" \/>\n<meta property=\"og:title\" content=\"Verpackung empfindlicher Gegenst\u00e4nde - Raidos Transport\" \/>\n<meta property=\"og:description\" content=\"Raidos Transport bietet professionelle Verpackung empfindlicher Gegenst\u00e4nde wie Kunstwerke, Elektronik und Porzellan. Mit speziellen Verpackungsmaterialien und hoher Pr\u00e4zision garantieren wir den sicheren Transport Ihrer wertvollen Besitzt\u00fcmer.\" \/>\n<meta property=\"og:url\" content=\"https:\/\/raidostransport.de\/de\/verpackung-empfindlicher-gegenstande\/\" \/>\n<meta property=\"og:site_name\" content=\"Raidos Transport\" \/>\n<meta property=\"article:modified_time\" content=\"2025-03-12T08:00:29+00:00\" \/>\n<meta property=\"og:image\" content=\"https:\/\/raidostransport.de\/wp-content\/uploads\/2024\/11\/Untitled-770-x-525-px-3-1024x931.png\" \/>\n<meta name=\"twitter:card\" content=\"summary_large_image\" \/>\n<meta name=\"twitter:label1\" content=\"Gesch\u00e4tzte Lesezeit\" \/>\n\t<meta name=\"twitter:data1\" content=\"2\u00a0Minuten\" \/>\n<script type=\"application\/ld+json\" class=\"yoast-schema-graph\">{\"@context\":\"https:\/\/schema.org\",\"@graph\":[{\"@type\":\"WebPage\",\"@id\":\"https:\/\/raidostransport.de\/verpackung-empfindlicher-gegenstande\/\",\"url\":\"https:\/\/raidostransport.de\/verpackung-empfindlicher-gegenstande\/\",\"name\":\"Verpackung empfindlicher Gegenst\u00e4nde - Raidos Transport\",\"isPartOf\":{\"@id\":\"https:\/\/raidostransport.de\/#website\"},\"primaryImageOfPage\":{\"@id\":\"https:\/\/raidostransport.de\/verpackung-empfindlicher-gegenstande\/#primaryimage\"},\"image\":{\"@id\":\"https:\/\/raidostransport.de\/verpackung-empfindlicher-gegenstande\/#primaryimage\"},\"thumbnailUrl\":\"https:\/\/raidostransport.de\/wp-content\/uploads\/2024\/11\/Untitled-770-x-525-px-3-1024x931.png\",\"datePublished\":\"2024-11-21T13:59:29+00:00\",\"dateModified\":\"2025-03-12T08:00:29+00:00\",\"description\":\"Raidos Transport bietet professionelle Verpackung empfindlicher Gegenst\u00e4nde wie Kunstwerke, Elektronik und Porzellan. Mit speziellen Verpackungsmaterialien und hoher Pr\u00e4zision garantieren wir den sicheren Transport Ihrer wertvollen Besitzt\u00fcmer.\",\"breadcrumb\":{\"@id\":\"https:\/\/raidostransport.de\/verpackung-empfindlicher-gegenstande\/#breadcrumb\"},\"inLanguage\":\"de\",\"potentialAction\":[{\"@type\":\"ReadAction\",\"target\":[\"https:\/\/raidostransport.de\/verpackung-empfindlicher-gegenstande\/\"]}]},{\"@type\":\"ImageObject\",\"inLanguage\":\"de\",\"@id\":\"https:\/\/raidostransport.de\/verpackung-empfindlicher-gegenstande\/#primaryimage\",\"url\":\"https:\/\/raidostransport.de\/wp-content\/uploads\/2024\/11\/Untitled-770-x-525-px-3-1024x931.png\",\"contentUrl\":\"https:\/\/raidostransport.de\/wp-content\/uploads\/2024\/11\/Untitled-770-x-525-px-3-1024x931.png\"},{\"@type\":\"BreadcrumbList\",\"@id\":\"https:\/\/raidostransport.de\/verpackung-empfindlicher-gegenstande\/#breadcrumb\",\"itemListElement\":[{\"@type\":\"ListItem\",\"position\":1,\"name\":\"Home\",\"item\":\"https:\/\/raidostransport.de\/\"},{\"@type\":\"ListItem\",\"position\":2,\"name\":\"Verpackung empfindlicher Gegenst\u00e4nde\"}]},{\"@type\":\"WebSite\",\"@id\":\"https:\/\/raidostransport.de\/#website\",\"url\":\"https:\/\/raidostransport.de\/\",\"name\":\"Raidos Transport\",\"description\":\"\",\"potentialAction\":[{\"@type\":\"SearchAction\",\"target\":{\"@type\":\"EntryPoint\",\"urlTemplate\":\"https:\/\/raidostransport.de\/?s={search_term_string}\"},\"query-input\":{\"@type\":\"PropertyValueSpecification\",\"valueRequired\":true,\"valueName\":\"search_term_string\"}}],\"inLanguage\":\"de\"}]}<\/script>\n<!-- \/ Yoast SEO plugin. -->","yoast_head_json":{"title":"Verpackung empfindlicher Gegenst\u00e4nde - Raidos Transport","description":"Raidos Transport bietet professionelle Verpackung empfindlicher Gegenst\u00e4nde wie Kunstwerke, Elektronik und Porzellan. Mit speziellen Verpackungsmaterialien und hoher Pr\u00e4zision garantieren wir den sicheren Transport Ihrer wertvollen Besitzt\u00fcmer.","robots":{"index":"index","follow":"follow","max-snippet":"max-snippet:-1","max-image-preview":"max-image-preview:large","max-video-preview":"max-video-preview:-1"},"canonical":"https:\/\/raidostransport.de\/de\/verpackung-empfindlicher-gegenstande\/","og_locale":"de_DE","og_type":"article","og_title":"Verpackung empfindlicher Gegenst\u00e4nde - Raidos Transport","og_description":"Raidos Transport bietet professionelle Verpackung empfindlicher Gegenst\u00e4nde wie Kunstwerke, Elektronik und Porzellan. Mit speziellen Verpackungsmaterialien und hoher Pr\u00e4zision garantieren wir den sicheren Transport Ihrer wertvollen Besitzt\u00fcmer.","og_url":"https:\/\/raidostransport.de\/de\/verpackung-empfindlicher-gegenstande\/","og_site_name":"Raidos Transport","article_modified_time":"2025-03-12T08:00:29+00:00","og_image":[{"url":"https:\/\/raidostransport.de\/wp-content\/uploads\/2024\/11\/Untitled-770-x-525-px-3-1024x931.png","type":"","width":"","height":""}],"twitter_card":"summary_large_image","twitter_misc":{"Gesch\u00e4tzte Lesezeit":"2\u00a0Minuten"},"schema":{"@context":"https:\/\/schema.org","@graph":[{"@type":"WebPage","@id":"https:\/\/raidostransport.de\/verpackung-empfindlicher-gegenstande\/","url":"https:\/\/raidostransport.de\/verpackung-empfindlicher-gegenstande\/","name":"Verpackung empfindlicher Gegenst\u00e4nde - Raidos Transport","isPartOf":{"@id":"https:\/\/raidostransport.de\/#website"},"primaryImageOfPage":{"@id":"https:\/\/raidostransport.de\/verpackung-empfindlicher-gegenstande\/#primaryimage"},"image":{"@id":"https:\/\/raidostransport.de\/verpackung-empfindlicher-gegenstande\/#primaryimage"},"thumbnailUrl":"https:\/\/raidostransport.de\/wp-content\/uploads\/2024\/11\/Untitled-770-x-525-px-3-1024x931.png","datePublished":"2024-11-21T13:59:29+00:00","dateModified":"2025-03-12T08:00:29+00:00","description":"Raidos Transport bietet professionelle Verpackung empfindlicher Gegenst\u00e4nde wie Kunstwerke, Elektronik und Porzellan. Mit speziellen Verpackungsmaterialien und hoher Pr\u00e4zision garantieren wir den sicheren Transport Ihrer wertvollen Besitzt\u00fcmer.","breadcrumb":{"@id":"https:\/\/raidostransport.de\/verpackung-empfindlicher-gegenstande\/#breadcrumb"},"inLanguage":"de","potentialAction":[{"@type":"ReadAction","target":["https:\/\/raidostransport.de\/verpackung-empfindlicher-gegenstande\/"]}]},{"@type":"ImageObject","inLanguage":"de","@id":"https:\/\/raidostransport.de\/verpackung-empfindlicher-gegenstande\/#primaryimage","url":"https:\/\/raidostransport.de\/wp-content\/uploads\/2024\/11\/Untitled-770-x-525-px-3-1024x931.png","contentUrl":"https:\/\/raidostransport.de\/wp-content\/uploads\/2024\/11\/Untitled-770-x-525-px-3-1024x931.png"},{"@type":"BreadcrumbList","@id":"https:\/\/raidostransport.de\/verpackung-empfindlicher-gegenstande\/#breadcrumb","itemListElement":[{"@type":"ListItem","position":1,"name":"Home","item":"https:\/\/raidostransport.de\/"},{"@type":"ListItem","position":2,"name":"Verpackung empfindlicher Gegenst\u00e4nde"}]},{"@type":"WebSite","@id":"https:\/\/raidostransport.de\/#website","url":"https:\/\/raidostransport.de\/","name":"Raidos Transport","description":"","potentialAction":[{"@type":"SearchAction","target":{"@type":"EntryPoint","urlTemplate":"https:\/\/raidostransport.de\/?s={search_term_string}"},"query-input":{"@type":"PropertyValueSpecification","valueRequired":true,"valueName":"search_term_string"}}],"inLanguage":"de"}]}},"_links":{"self":[{"href":"https:\/\/raidostransport.de\/de\/wp-json\/wp\/v2\/pages\/9224","targetHints":{"allow":["GET"]}}],"collection":[{"href":"https:\/\/raidostransport.de\/de\/wp-json\/wp\/v2\/pages"}],"about":[{"href":"https:\/\/raidostransport.de\/de\/wp-json\/wp\/v2\/types\/page"}],"author":[{"embeddable":true,"href":"https:\/\/raidostransport.de\/de\/wp-json\/wp\/v2\/users\/1"}],"replies":[{"embeddable":true,"href":"https:\/\/raidostransport.de\/de\/wp-json\/wp\/v2\/comments?post=9224"}],"version-history":[{"count":9,"href":"https:\/\/raidostransport.de\/de\/wp-json\/wp\/v2\/pages\/9224\/revisions"}],"predecessor-version":[{"id":17508,"href":"https:\/\/raidostransport.de\/de\/wp-json\/wp\/v2\/pages\/9224\/revisions\/17508"}],"wp:attachment":[{"href":"https:\/\/raidostransport.de\/de\/wp-json\/wp\/v2\/media?parent=9224"}],"curies":[{"name":"wp","href":"https:\/\/api.w.org\/{rel}","templated":true}]}}