{"id":8988,"date":"2024-11-21T10:13:59","date_gmt":"2024-11-21T10:13:59","guid":{"rendered":"https:\/\/raidostransport.de\/?page_id=8988"},"modified":"2025-03-12T08:05:46","modified_gmt":"2025-03-12T08:05:46","slug":"fenster-und-glasreinigung","status":"publish","type":"page","link":"https:\/\/raidostransport.de\/de\/fenster-und-glasreinigung\/","title":{"rendered":"Fenster- und Glasreinigung"},"content":{"rendered":"<div data-elementor-type=\"wp-page\" data-elementor-id=\"8988\" class=\"elementor elementor-8988\" data-elementor-post-type=\"page\">\n\t\t\t\t\t\t<section class=\"elementor-section elementor-top-section elementor-element elementor-element-523b940 elementor-section-full_width elementor-section-stretched elementor-section-height-default elementor-section-height-default\" data-id=\"523b940\" data-element_type=\"section\" data-e-type=\"section\" data-settings=\"{&quot;stretch_section&quot;:&quot;section-stretched&quot;}\">\n\t\t\t\t\t\t<div class=\"elementor-container elementor-column-gap-no\">\n\t\t\t\t\t<div class=\"elementor-column elementor-col-100 elementor-top-column elementor-element elementor-element-8d33e32\" data-id=\"8d33e32\" data-element_type=\"column\" data-e-type=\"column\">\n\t\t\t<div class=\"elementor-widget-wrap elementor-element-populated\">\n\t\t\t\t\t\t<section class=\"elementor-section elementor-inner-section elementor-element elementor-element-2a93302 elementor-section-boxed elementor-section-height-default elementor-section-height-default\" data-id=\"2a93302\" data-element_type=\"section\" data-e-type=\"section\">\n\t\t\t\t\t\t<div class=\"elementor-container elementor-column-gap-default\">\n\t\t\t\t\t<div class=\"elementor-column elementor-col-50 elementor-inner-column elementor-element elementor-element-9c57c18\" data-id=\"9c57c18\" data-element_type=\"column\" data-e-type=\"column\">\n\t\t\t<div class=\"elementor-widget-wrap elementor-element-populated\">\n\t\t\t\t\t\t<div class=\"elementor-element elementor-element-482a170 elementor-widget elementor-widget-twinkle_image\" data-id=\"482a170\" data-element_type=\"widget\" data-e-type=\"widget\" data-widget_type=\"twinkle_image.default\">\n\t\t\t\t<div class=\"elementor-widget-container\">\n\t\t\t\t\t\r\n        \r\n            <div class=\"service-details__top-img\">\r\n                <img decoding=\"async\" src=\"https:\/\/raidostransport.de\/wp-content\/uploads\/2024\/11\/Untitled-design-2024-11-21T120338.650-1024x698.png\" alt=\"\" \/>\r\n            <\/div>\r\n        \r\n        \r\n        \t\t\t\t<\/div>\n\t\t\t\t<\/div>\n\t\t\t\t\t<\/div>\n\t\t<\/div>\n\t\t\t\t<div class=\"elementor-column elementor-col-50 elementor-inner-column elementor-element elementor-element-93b71d2\" data-id=\"93b71d2\" data-element_type=\"column\" data-e-type=\"column\">\n\t\t\t<div class=\"elementor-widget-wrap elementor-element-populated\">\n\t\t\t\t\t\t<div class=\"elementor-element elementor-element-afa7090 elementor-widget elementor-widget-twinkle_service_list\" data-id=\"afa7090\" data-element_type=\"widget\" data-e-type=\"widget\" data-widget_type=\"twinkle_service_list.default\">\n\t\t\t\t<div class=\"elementor-widget-container\">\n\t\t\t\t\t\r\n            <div class=\"service-details__sidebar\">\r\n                <h2 class=\"service-details__sidebar-title\">Alle Dienstleistungen<\/h2>\r\n                <ul class=\"service-details__sidebar-list pl-0\">\r\n                                                                        <li class=\"service-details__sidebar-list-item\">\r\n                                <a target=\"\" rel=\"\" href=\"https:\/\/raidostransport.de\/de\/buroreinigung\/\">\r\n                                    B\u00fcroreinigung                                 <\/a>\r\n                            <\/li>\r\n                                                                                                <li class=\"service-details__sidebar-list-item\">\r\n                                <a target=\"\" rel=\"\" href=\"https:\/\/raidostransport.de\/wohnungsreinigung\/\">\r\n                                    Wohnungsreinigung                                <\/a>\r\n                            <\/li>\r\n                                                                                                <li class=\"service-details__sidebar-list-item\">\r\n                                <a target=\"\" rel=\"\" href=\"https:\/\/raidostransport.de\/de\/sonderreinigungen\/\">\r\n                                    Sonderreinigungen                                <\/a>\r\n                            <\/li>\r\n                                                                                                <li class=\"service-details__sidebar-list-item\">\r\n                                <a target=\"\" rel=\"\" href=\"https:\/\/raidostransport.de\/de\/tiefenreinigung\/\">\r\n                                    Tiefenreinigung                                <\/a>\r\n                            <\/li>\r\n                                                                                                <li class=\"service-details__sidebar-list-item\">\r\n                                <a target=\"\" rel=\"\" href=\"https:\/\/raidostransport.de\/de\/fenster-und-glasreinigung\/\">\r\n                                    Fenster- und Glasreinigung                                <\/a>\r\n                            <\/li>\r\n                                                                                                <li class=\"service-details__sidebar-list-item\">\r\n                                <a target=\"\" rel=\"\" href=\"https:\/\/raidostransport.de\/endreinigung-fur-umzuge\">\r\n                                    Endreinigung f\u00fcr Umz\u00fcge                                <\/a>\r\n                            <\/li>\r\n                                                            <\/ul>\r\n            <\/div>\r\n\r\n        \t\t\t\t<\/div>\n\t\t\t\t<\/div>\n\t\t\t\t\t<\/div>\n\t\t<\/div>\n\t\t\t\t\t<\/div>\n\t\t<\/section>\n\t\t\t\t<section class=\"elementor-section elementor-inner-section elementor-element elementor-element-92069b8 elementor-section-boxed elementor-section-height-default elementor-section-height-default\" data-id=\"92069b8\" data-element_type=\"section\" data-e-type=\"section\">\n\t\t\t\t\t\t<div class=\"elementor-container elementor-column-gap-default\">\n\t\t\t\t\t<div class=\"elementor-column elementor-col-100 elementor-inner-column elementor-element elementor-element-ad3d7b2\" data-id=\"ad3d7b2\" data-element_type=\"column\" data-e-type=\"column\">\n\t\t\t<div class=\"elementor-widget-wrap elementor-element-populated\">\n\t\t\t\t\t\t<div class=\"elementor-element elementor-element-fcaf4b3 elementor-widget elementor-widget-twinkle_heading\" data-id=\"fcaf4b3\" data-element_type=\"widget\" data-e-type=\"widget\" data-widget_type=\"twinkle_heading.default\">\n\t\t\t\t<div class=\"elementor-widget-container\">\n\t\t\t\t\t\r\n        \r\n            <div class=\"section-title\">\r\n                                <h2 class=\"section-title__title\">Fenster- und Glasreinigung<\/h2>                                    <p class=\"section-title__text\">\nF\u00fcr eine streifenfreie Fenster- und Glasreinigung sorgt unser erfahrenes Team daf\u00fcr, dass Ihre Fenster und Glasfl\u00e4chen immer klar und gl\u00e4nzend sind. Wir verwenden spezialisierte Reinigungsmittel und Techniken, die hartn\u00e4ckige Verschmutzungen, Staub und Fingerabdr\u00fccke effektiv entfernen, ohne die Oberfl\u00e4chen zu besch\u00e4digen. Egal, ob es sich um Fenster in Ihrer Wohnung, Ihrem B\u00fcro oder gro\u00dfe Glasfl\u00e4chen an der Fassade handelt \u2013 wir garantieren Ihnen ein perfektes Ergebnis, das den Blick nach drau\u00dfen nicht nur frei, sondern auch klar und sch\u00f6n macht. Unser Service umfasst die Reinigung von Fenstern, Glasgel\u00e4ndern, Winterg\u00e4rten und weiteren Glasfl\u00e4chen, sowohl innen als auch au\u00dfen. Wir arbeiten mit h\u00f6chster Pr\u00e4zision und Sorgfalt, damit Sie stets den besten Ausblick genie\u00dfen k\u00f6nnen.<\/p>\r\n                            <\/div>\r\n\r\n        \r\n        \t\t\t\t<\/div>\n\t\t\t\t<\/div>\n\t\t\t\t\t<\/div>\n\t\t<\/div>\n\t\t\t\t\t<\/div>\n\t\t<\/section>\n\t\t\t\t<section class=\"elementor-section elementor-inner-section elementor-element elementor-element-8d7b487 elementor-section-boxed elementor-section-height-default elementor-section-height-default\" data-id=\"8d7b487\" data-element_type=\"section\" data-e-type=\"section\">\n\t\t\t\t\t\t<div class=\"elementor-container elementor-column-gap-default\">\n\t\t\t\t\t<div class=\"elementor-column elementor-col-50 elementor-inner-column elementor-element elementor-element-08cc18e\" data-id=\"08cc18e\" data-element_type=\"column\" data-e-type=\"column\">\n\t\t\t<div class=\"elementor-widget-wrap elementor-element-populated\">\n\t\t\t\t\t\t<div class=\"elementor-element elementor-element-4744776 elementor-widget__width-initial elementor-widget elementor-widget-image\" data-id=\"4744776\" data-element_type=\"widget\" data-e-type=\"widget\" data-widget_type=\"image.default\">\n\t\t\t\t<div class=\"elementor-widget-container\">\n\t\t\t\t\t\t\t\t\t\t\t\t\t\t\t<img fetchpriority=\"high\" decoding=\"async\" width=\"640\" height=\"502\" src=\"https:\/\/raidostransport.de\/wp-content\/uploads\/2024\/11\/Untitled-design-2024-11-21T120320.786.png\" class=\"attachment-large size-large wp-image-8994\" alt=\"\" srcset=\"https:\/\/raidostransport.de\/wp-content\/uploads\/2024\/11\/Untitled-design-2024-11-21T120320.786.png 740w, https:\/\/raidostransport.de\/wp-content\/uploads\/2024\/11\/Untitled-design-2024-11-21T120320.786-300x235.png 300w, https:\/\/raidostransport.de\/wp-content\/uploads\/2024\/11\/Untitled-design-2024-11-21T120320.786-15x12.png 15w\" sizes=\"(max-width: 640px) 100vw, 640px\" \/>\t\t\t\t\t\t\t\t\t\t\t\t\t\t\t<\/div>\n\t\t\t\t<\/div>\n\t\t\t\t\t<\/div>\n\t\t<\/div>\n\t\t\t\t<div class=\"elementor-column elementor-col-50 elementor-inner-column elementor-element elementor-element-2a7bacc\" data-id=\"2a7bacc\" data-element_type=\"column\" data-e-type=\"column\">\n\t\t\t<div class=\"elementor-widget-wrap elementor-element-populated\">\n\t\t\t\t\t\t<div class=\"elementor-element elementor-element-bf1af92 elementor-widget elementor-widget-twinkle_heading\" data-id=\"bf1af92\" data-element_type=\"widget\" data-e-type=\"widget\" data-widget_type=\"twinkle_heading.default\">\n\t\t\t\t<div class=\"elementor-widget-container\">\n\t\t\t\t\t\r\n        \r\n            <div class=\"section-title\">\r\n                                                                    <p class=\"section-title__text\">Unsere Fenster- und Glasreinigungsdienste bieten Ihnen eine gr\u00fcndliche Pflege f\u00fcr alle Arten von Glasfl\u00e4chen, damit Ihre R\u00e4ume immer hell und einladend wirken. Ob in Ihrem Zuhause oder in gesch\u00e4ftlichen R\u00e4umen, saubere Fenster und Glasfl\u00e4chen tragen nicht nur zur \u00c4sthetik bei, sondern auch zu einem besseren Lichtverh\u00e4ltnis. Wir reinigen nicht nur die Fenster, sondern auch Glasoberfl\u00e4chen in T\u00fcren, Vitrinen und Regalen. Unsere Fachkr\u00e4fte verwenden moderne Ausstattungen und umweltfreundliche Reinigungsmittel, die f\u00fcr ein makelloses Ergebnis sorgen und gleichzeitig die Umwelt schonen. Wir garantieren, dass nach jedem Reinigungseinsatz Ihre Glasfl\u00e4chen nicht nur sauber, sondern auch frei von Schlieren und Streifen sind.<\/p>\r\n                            <\/div>\r\n\r\n        \r\n        \t\t\t\t<\/div>\n\t\t\t\t<\/div>\n\t\t\t\t\t<\/div>\n\t\t<\/div>\n\t\t\t\t\t<\/div>\n\t\t<\/section>\n\t\t\t\t\t<\/div>\n\t\t<\/div>\n\t\t\t\t\t<\/div>\n\t\t<\/section>\n\t\t\t\t<section class=\"elementor-section elementor-top-section elementor-element elementor-element-5211cf2 elementor-section-full_width elementor-section-stretched elementor-section-height-min-height elementor-section-height-default elementor-section-items-middle\" data-id=\"5211cf2\" data-element_type=\"section\" data-e-type=\"section\" data-settings=\"{&quot;stretch_section&quot;:&quot;section-stretched&quot;,&quot;background_background&quot;:&quot;classic&quot;}\">\n\t\t\t\t\t\t\t<div class=\"elementor-background-overlay\"><\/div>\n\t\t\t\t\t\t\t<div class=\"elementor-container elementor-column-gap-no\">\n\t\t\t\t\t<div class=\"elementor-column elementor-col-100 elementor-top-column elementor-element elementor-element-396f16f\" data-id=\"396f16f\" data-element_type=\"column\" data-e-type=\"column\">\n\t\t\t<div class=\"elementor-widget-wrap elementor-element-populated\">\n\t\t\t\t<div class=\"elementor-element elementor-element-075a673 e-flex e-con-boxed e-con e-parent\" data-id=\"075a673\" data-element_type=\"container\" data-e-type=\"container\">\n\t\t\t\t\t<div class=\"e-con-inner\">\n\t\t<div class=\"elementor-element elementor-element-11436f6 e-con-full e-flex e-con e-child\" data-id=\"11436f6\" data-element_type=\"container\" data-e-type=\"container\">\n\t\t<div class=\"elementor-element elementor-element-3739b04 e-con-full e-flex e-con e-child\" data-id=\"3739b04\" data-element_type=\"container\" data-e-type=\"container\">\n\t\t<div class=\"elementor-element elementor-element-d2a515e e-con-full e-flex e-con e-child\" data-id=\"d2a515e\" data-element_type=\"container\" data-e-type=\"container\">\n\t\t\t\t<div class=\"elementor-element elementor-element-43830b4 elementor-widget elementor-widget-heading\" data-id=\"43830b4\" data-element_type=\"widget\" data-e-type=\"widget\" data-widget_type=\"heading.default\">\n\t\t\t\t<div class=\"elementor-widget-container\">\n\t\t\t\t\t<h2 class=\"elementor-heading-title elementor-size-default\">Die Putzfrau in Ihrer N\u00e4he \u2013 bereit, Ihnen zu helfen. Jetzt anrufen!<\/h2>\t\t\t\t<\/div>\n\t\t\t\t<\/div>\n\t\t\t\t<div class=\"elementor-element elementor-element-0c9efb3 elementor-icon-list--layout-traditional elementor-list-item-link-full_width elementor-widget elementor-widget-icon-list\" data-id=\"0c9efb3\" data-element_type=\"widget\" data-e-type=\"widget\" data-widget_type=\"icon-list.default\">\n\t\t\t\t<div class=\"elementor-widget-container\">\n\t\t\t\t\t\t\t<ul class=\"elementor-icon-list-items\">\n\t\t\t\t\t\t\t<li class=\"elementor-icon-list-item\">\n\t\t\t\t\t\t\t\t\t\t\t<a href=\"tel:+4917680691291\">\n\n\t\t\t\t\t\t\t\t\t\t\t\t<span class=\"elementor-icon-list-icon\">\n\t\t\t\t\t\t\t<svg aria-hidden=\"true\" class=\"e-font-icon-svg e-fas-phone-alt\" viewbox=\"0 0 512 512\" xmlns=\"http:\/\/www.w3.org\/2000\/svg\"><path d=\"M497.39 361.8l-112-48a24 24 0 0 0-28 6.9l-49.6 60.6A370.66 370.66 0 0 1 130.6 204.11l60.6-49.6a23.94 23.94 0 0 0 6.9-28l-48-112A24.16 24.16 0 0 0 122.6.61l-104 24A24 24 0 0 0 0 48c0 256.5 207.9 464 464 464a24 24 0 0 0 23.4-18.6l24-104a24.29 24.29 0 0 0-14.01-27.6z\"><\/path><\/svg>\t\t\t\t\t\t<\/span>\n\t\t\t\t\t\t\t\t\t\t<span class=\"elementor-icon-list-text\">+4917680691291<\/span>\n\t\t\t\t\t\t\t\t\t\t\t<\/a>\n\t\t\t\t\t\t\t\t\t<\/li>\n\t\t\t\t\t\t\t\t<li class=\"elementor-icon-list-item\">\n\t\t\t\t\t\t\t\t\t\t\t<a href=\"tel:+4917662437468%20\">\n\n\t\t\t\t\t\t\t\t\t\t\t\t<span class=\"elementor-icon-list-icon\">\n\t\t\t\t\t\t\t<svg aria-hidden=\"true\" class=\"e-font-icon-svg e-fas-phone-alt\" viewbox=\"0 0 512 512\" xmlns=\"http:\/\/www.w3.org\/2000\/svg\"><path d=\"M497.39 361.8l-112-48a24 24 0 0 0-28 6.9l-49.6 60.6A370.66 370.66 0 0 1 130.6 204.11l60.6-49.6a23.94 23.94 0 0 0 6.9-28l-48-112A24.16 24.16 0 0 0 122.6.61l-104 24A24 24 0 0 0 0 48c0 256.5 207.9 464 464 464a24 24 0 0 0 23.4-18.6l24-104a24.29 24.29 0 0 0-14.01-27.6z\"><\/path><\/svg>\t\t\t\t\t\t<\/span>\n\t\t\t\t\t\t\t\t\t\t<span class=\"elementor-icon-list-text\">+4917662437468 <\/span>\n\t\t\t\t\t\t\t\t\t\t\t<\/a>\n\t\t\t\t\t\t\t\t\t<\/li>\n\t\t\t\t\t\t<\/ul>\n\t\t\t\t\t\t<\/div>\n\t\t\t\t<\/div>\n\t\t\t\t<\/div>\n\t\t<div class=\"elementor-element elementor-element-d1a3073 e-con-full e-flex e-con e-child\" data-id=\"d1a3073\" data-element_type=\"container\" data-e-type=\"container\">\n\t\t\t\t<div class=\"elementor-element elementor-element-8073a4b elementor-widget elementor-widget-twinkle_btn\" data-id=\"8073a4b\" data-element_type=\"widget\" data-e-type=\"widget\" data-widget_type=\"twinkle_btn.default\">\n\t\t\t\t<div class=\"elementor-widget-container\">\n\t\t\t\t\t\r\n                            <a href=\"https:\/\/raidostransport.de\/de\/kontakt\/\" target=\"_blank\" rel=\"nofollow\" class=\"thm-btn service-details__btn\">\r\n                    Kontakt                <\/a>\r\n            \r\n        \t\t\t\t<\/div>\n\t\t\t\t<\/div>\n\t\t\t\t<\/div>\n\t\t\t\t<\/div>\n\t\t\t\t<\/div>\n\t\t\t\t\t<\/div>\n\t\t\t\t<\/div>\n\t\t\t\t\t<\/div>\n\t\t<\/div>\n\t\t\t\t\t<\/div>\n\t\t<\/section>\n\t\t\t\t<\/div>","protected":false},"excerpt":{"rendered":"<p>Alle Dienstleistungen B\u00fcroreinigung Wohnungsreinigung Sonderreinigungen Tiefenreinigung Fenster- und Glasreinigung Endreinigung f\u00fcr Umz\u00fcge Fenster- und Glasreinigung F\u00fcr eine streifenfreie Fenster- und Glasreinigung sorgt unser erfahrenes Team daf\u00fcr, dass Ihre Fenster und Glasfl\u00e4chen immer klar und gl\u00e4nzend sind. Wir verwenden spezialisierte Reinigungsmittel und Techniken, die hartn\u00e4ckige Verschmutzungen, Staub und Fingerabdr\u00fccke effektiv entfernen, ohne die Oberfl\u00e4chen zu besch\u00e4digen. [&hellip;]<\/p>\n","protected":false},"author":1,"featured_media":0,"parent":0,"menu_order":0,"comment_status":"closed","ping_status":"closed","template":"","meta":{"_acf_changed":false,"_monsterinsights_skip_tracking":false,"_monsterinsights_sitenote_active":false,"_monsterinsights_sitenote_note":"","_monsterinsights_sitenote_category":0,"footnotes":""},"class_list":["post-8988","page","type-page","status-publish","hentry"],"acf":[],"yoast_head":"<!-- This site is optimized with the Yoast SEO plugin v26.9 - https:\/\/yoast.com\/product\/yoast-seo-wordpress\/ -->\n<title>Fenster- und Glasreinigung - Raidos Transport<\/title>\n<meta name=\"description\" content=\"Raidos Transport bietet professionelle Fenster- und Glasreinigung f\u00fcr streifenfreie Ergebnisse. Unsere Experten reinigen Fenster, Glasfl\u00e4chen und Winterg\u00e4rten sowohl innen als auch au\u00dfen \u2013 f\u00fcr einen klaren Blick und ein makelloses Ergebnis.\" \/>\n<meta name=\"robots\" content=\"index, follow, max-snippet:-1, max-image-preview:large, max-video-preview:-1\" \/>\n<link rel=\"canonical\" href=\"https:\/\/raidostransport.de\/de\/fenster-und-glasreinigung\/\" \/>\n<meta property=\"og:locale\" content=\"de_DE\" \/>\n<meta property=\"og:type\" content=\"article\" \/>\n<meta property=\"og:title\" content=\"Fenster- und Glasreinigung - Raidos Transport\" \/>\n<meta property=\"og:description\" content=\"Raidos Transport bietet professionelle Fenster- und Glasreinigung f\u00fcr streifenfreie Ergebnisse. Unsere Experten reinigen Fenster, Glasfl\u00e4chen und Winterg\u00e4rten sowohl innen als auch au\u00dfen \u2013 f\u00fcr einen klaren Blick und ein makelloses Ergebnis.\" \/>\n<meta property=\"og:url\" content=\"https:\/\/raidostransport.de\/de\/fenster-und-glasreinigung\/\" \/>\n<meta property=\"og:site_name\" content=\"Raidos Transport\" \/>\n<meta property=\"article:modified_time\" content=\"2025-03-12T08:05:46+00:00\" \/>\n<meta property=\"og:image\" content=\"https:\/\/raidostransport.de\/wp-content\/uploads\/2024\/11\/Untitled-design-2024-11-21T120338.650-1024x698.png\" \/>\n<meta name=\"twitter:card\" content=\"summary_large_image\" \/>\n<meta name=\"twitter:label1\" content=\"Gesch\u00e4tzte Lesezeit\" \/>\n\t<meta name=\"twitter:data1\" content=\"2\u00a0Minuten\" \/>\n<script type=\"application\/ld+json\" class=\"yoast-schema-graph\">{\"@context\":\"https:\/\/schema.org\",\"@graph\":[{\"@type\":\"WebPage\",\"@id\":\"https:\/\/raidostransport.de\/fenster-und-glasreinigung\/\",\"url\":\"https:\/\/raidostransport.de\/fenster-und-glasreinigung\/\",\"name\":\"Fenster- und Glasreinigung - Raidos Transport\",\"isPartOf\":{\"@id\":\"https:\/\/raidostransport.de\/#website\"},\"primaryImageOfPage\":{\"@id\":\"https:\/\/raidostransport.de\/fenster-und-glasreinigung\/#primaryimage\"},\"image\":{\"@id\":\"https:\/\/raidostransport.de\/fenster-und-glasreinigung\/#primaryimage\"},\"thumbnailUrl\":\"https:\/\/raidostransport.de\/wp-content\/uploads\/2024\/11\/Untitled-design-2024-11-21T120338.650-1024x698.png\",\"datePublished\":\"2024-11-21T10:13:59+00:00\",\"dateModified\":\"2025-03-12T08:05:46+00:00\",\"description\":\"Raidos Transport bietet professionelle Fenster- und Glasreinigung f\u00fcr streifenfreie Ergebnisse. Unsere Experten reinigen Fenster, Glasfl\u00e4chen und Winterg\u00e4rten sowohl innen als auch au\u00dfen \u2013 f\u00fcr einen klaren Blick und ein makelloses Ergebnis.\",\"breadcrumb\":{\"@id\":\"https:\/\/raidostransport.de\/fenster-und-glasreinigung\/#breadcrumb\"},\"inLanguage\":\"de\",\"potentialAction\":[{\"@type\":\"ReadAction\",\"target\":[\"https:\/\/raidostransport.de\/fenster-und-glasreinigung\/\"]}]},{\"@type\":\"ImageObject\",\"inLanguage\":\"de\",\"@id\":\"https:\/\/raidostransport.de\/fenster-und-glasreinigung\/#primaryimage\",\"url\":\"https:\/\/raidostransport.de\/wp-content\/uploads\/2024\/11\/Untitled-design-2024-11-21T120338.650-1024x698.png\",\"contentUrl\":\"https:\/\/raidostransport.de\/wp-content\/uploads\/2024\/11\/Untitled-design-2024-11-21T120338.650-1024x698.png\"},{\"@type\":\"BreadcrumbList\",\"@id\":\"https:\/\/raidostransport.de\/fenster-und-glasreinigung\/#breadcrumb\",\"itemListElement\":[{\"@type\":\"ListItem\",\"position\":1,\"name\":\"Home\",\"item\":\"https:\/\/raidostransport.de\/\"},{\"@type\":\"ListItem\",\"position\":2,\"name\":\"Fenster- und Glasreinigung\"}]},{\"@type\":\"WebSite\",\"@id\":\"https:\/\/raidostransport.de\/#website\",\"url\":\"https:\/\/raidostransport.de\/\",\"name\":\"Raidos Transport\",\"description\":\"\",\"potentialAction\":[{\"@type\":\"SearchAction\",\"target\":{\"@type\":\"EntryPoint\",\"urlTemplate\":\"https:\/\/raidostransport.de\/?s={search_term_string}\"},\"query-input\":{\"@type\":\"PropertyValueSpecification\",\"valueRequired\":true,\"valueName\":\"search_term_string\"}}],\"inLanguage\":\"de\"}]}<\/script>\n<!-- \/ Yoast SEO plugin. -->","yoast_head_json":{"title":"Fenster- und Glasreinigung - Raidos Transport","description":"Raidos Transport bietet professionelle Fenster- und Glasreinigung f\u00fcr streifenfreie Ergebnisse. Unsere Experten reinigen Fenster, Glasfl\u00e4chen und Winterg\u00e4rten sowohl innen als auch au\u00dfen \u2013 f\u00fcr einen klaren Blick und ein makelloses Ergebnis.","robots":{"index":"index","follow":"follow","max-snippet":"max-snippet:-1","max-image-preview":"max-image-preview:large","max-video-preview":"max-video-preview:-1"},"canonical":"https:\/\/raidostransport.de\/de\/fenster-und-glasreinigung\/","og_locale":"de_DE","og_type":"article","og_title":"Fenster- und Glasreinigung - Raidos Transport","og_description":"Raidos Transport bietet professionelle Fenster- und Glasreinigung f\u00fcr streifenfreie Ergebnisse. Unsere Experten reinigen Fenster, Glasfl\u00e4chen und Winterg\u00e4rten sowohl innen als auch au\u00dfen \u2013 f\u00fcr einen klaren Blick und ein makelloses Ergebnis.","og_url":"https:\/\/raidostransport.de\/de\/fenster-und-glasreinigung\/","og_site_name":"Raidos Transport","article_modified_time":"2025-03-12T08:05:46+00:00","og_image":[{"url":"https:\/\/raidostransport.de\/wp-content\/uploads\/2024\/11\/Untitled-design-2024-11-21T120338.650-1024x698.png","type":"","width":"","height":""}],"twitter_card":"summary_large_image","twitter_misc":{"Gesch\u00e4tzte Lesezeit":"2\u00a0Minuten"},"schema":{"@context":"https:\/\/schema.org","@graph":[{"@type":"WebPage","@id":"https:\/\/raidostransport.de\/fenster-und-glasreinigung\/","url":"https:\/\/raidostransport.de\/fenster-und-glasreinigung\/","name":"Fenster- und Glasreinigung - Raidos Transport","isPartOf":{"@id":"https:\/\/raidostransport.de\/#website"},"primaryImageOfPage":{"@id":"https:\/\/raidostransport.de\/fenster-und-glasreinigung\/#primaryimage"},"image":{"@id":"https:\/\/raidostransport.de\/fenster-und-glasreinigung\/#primaryimage"},"thumbnailUrl":"https:\/\/raidostransport.de\/wp-content\/uploads\/2024\/11\/Untitled-design-2024-11-21T120338.650-1024x698.png","datePublished":"2024-11-21T10:13:59+00:00","dateModified":"2025-03-12T08:05:46+00:00","description":"Raidos Transport bietet professionelle Fenster- und Glasreinigung f\u00fcr streifenfreie Ergebnisse. Unsere Experten reinigen Fenster, Glasfl\u00e4chen und Winterg\u00e4rten sowohl innen als auch au\u00dfen \u2013 f\u00fcr einen klaren Blick und ein makelloses Ergebnis.","breadcrumb":{"@id":"https:\/\/raidostransport.de\/fenster-und-glasreinigung\/#breadcrumb"},"inLanguage":"de","potentialAction":[{"@type":"ReadAction","target":["https:\/\/raidostransport.de\/fenster-und-glasreinigung\/"]}]},{"@type":"ImageObject","inLanguage":"de","@id":"https:\/\/raidostransport.de\/fenster-und-glasreinigung\/#primaryimage","url":"https:\/\/raidostransport.de\/wp-content\/uploads\/2024\/11\/Untitled-design-2024-11-21T120338.650-1024x698.png","contentUrl":"https:\/\/raidostransport.de\/wp-content\/uploads\/2024\/11\/Untitled-design-2024-11-21T120338.650-1024x698.png"},{"@type":"BreadcrumbList","@id":"https:\/\/raidostransport.de\/fenster-und-glasreinigung\/#breadcrumb","itemListElement":[{"@type":"ListItem","position":1,"name":"Home","item":"https:\/\/raidostransport.de\/"},{"@type":"ListItem","position":2,"name":"Fenster- und Glasreinigung"}]},{"@type":"WebSite","@id":"https:\/\/raidostransport.de\/#website","url":"https:\/\/raidostransport.de\/","name":"Raidos Transport","description":"","potentialAction":[{"@type":"SearchAction","target":{"@type":"EntryPoint","urlTemplate":"https:\/\/raidostransport.de\/?s={search_term_string}"},"query-input":{"@type":"PropertyValueSpecification","valueRequired":true,"valueName":"search_term_string"}}],"inLanguage":"de"}]}},"_links":{"self":[{"href":"https:\/\/raidostransport.de\/de\/wp-json\/wp\/v2\/pages\/8988","targetHints":{"allow":["GET"]}}],"collection":[{"href":"https:\/\/raidostransport.de\/de\/wp-json\/wp\/v2\/pages"}],"about":[{"href":"https:\/\/raidostransport.de\/de\/wp-json\/wp\/v2\/types\/page"}],"author":[{"embeddable":true,"href":"https:\/\/raidostransport.de\/de\/wp-json\/wp\/v2\/users\/1"}],"replies":[{"embeddable":true,"href":"https:\/\/raidostransport.de\/de\/wp-json\/wp\/v2\/comments?post=8988"}],"version-history":[{"count":10,"href":"https:\/\/raidostransport.de\/de\/wp-json\/wp\/v2\/pages\/8988\/revisions"}],"predecessor-version":[{"id":17532,"href":"https:\/\/raidostransport.de\/de\/wp-json\/wp\/v2\/pages\/8988\/revisions\/17532"}],"wp:attachment":[{"href":"https:\/\/raidostransport.de\/de\/wp-json\/wp\/v2\/media?parent=8988"}],"curies":[{"name":"wp","href":"https:\/\/api.w.org\/{rel}","templated":true}]}}