{"id":8936,"date":"2024-11-21T09:41:31","date_gmt":"2024-11-21T09:41:31","guid":{"rendered":"https:\/\/raidostransport.de\/?page_id=8936"},"modified":"2025-03-12T08:02:41","modified_gmt":"2025-03-12T08:02:41","slug":"wohnungsreinigung","status":"publish","type":"page","link":"https:\/\/raidostransport.de\/de\/wohnungsreinigung\/","title":{"rendered":"Wohnungsreinigung"},"content":{"rendered":"<div data-elementor-type=\"wp-page\" data-elementor-id=\"8936\" class=\"elementor elementor-8936\" data-elementor-post-type=\"page\">\n\t\t\t\t\t\t<section class=\"elementor-section elementor-top-section elementor-element elementor-element-523b940 elementor-section-full_width elementor-section-stretched elementor-section-height-default elementor-section-height-default\" data-id=\"523b940\" data-element_type=\"section\" data-e-type=\"section\" data-settings=\"{&quot;stretch_section&quot;:&quot;section-stretched&quot;}\">\n\t\t\t\t\t\t<div class=\"elementor-container elementor-column-gap-no\">\n\t\t\t\t\t<div class=\"elementor-column elementor-col-100 elementor-top-column elementor-element elementor-element-8d33e32\" data-id=\"8d33e32\" data-element_type=\"column\" data-e-type=\"column\">\n\t\t\t<div class=\"elementor-widget-wrap elementor-element-populated\">\n\t\t\t\t\t\t<section class=\"elementor-section elementor-inner-section elementor-element elementor-element-2a93302 elementor-section-boxed elementor-section-height-default elementor-section-height-default\" data-id=\"2a93302\" data-element_type=\"section\" data-e-type=\"section\">\n\t\t\t\t\t\t<div class=\"elementor-container elementor-column-gap-default\">\n\t\t\t\t\t<div class=\"elementor-column elementor-col-50 elementor-inner-column elementor-element elementor-element-9c57c18\" data-id=\"9c57c18\" data-element_type=\"column\" data-e-type=\"column\">\n\t\t\t<div class=\"elementor-widget-wrap elementor-element-populated\">\n\t\t\t\t\t\t<div class=\"elementor-element elementor-element-482a170 elementor-widget-mobile__width-initial elementor-widget elementor-widget-twinkle_image\" data-id=\"482a170\" data-element_type=\"widget\" data-e-type=\"widget\" data-widget_type=\"twinkle_image.default\">\n\t\t\t\t<div class=\"elementor-widget-container\">\n\t\t\t\t\t\r\n        \r\n            <div class=\"service-details__top-img\">\r\n                <img decoding=\"async\" src=\"https:\/\/raidostransport.de\/wp-content\/uploads\/2024\/11\/radios-transport-1-15-1024x698.png\" alt=\"\" \/>\r\n            <\/div>\r\n        \r\n        \r\n        \t\t\t\t<\/div>\n\t\t\t\t<\/div>\n\t\t\t\t\t<\/div>\n\t\t<\/div>\n\t\t\t\t<div class=\"elementor-column elementor-col-50 elementor-inner-column elementor-element elementor-element-93b71d2\" data-id=\"93b71d2\" data-element_type=\"column\" data-e-type=\"column\">\n\t\t\t<div class=\"elementor-widget-wrap elementor-element-populated\">\n\t\t\t\t\t\t<div class=\"elementor-element elementor-element-19066b1 elementor-widget elementor-widget-twinkle_service_list\" data-id=\"19066b1\" data-element_type=\"widget\" data-e-type=\"widget\" data-widget_type=\"twinkle_service_list.default\">\n\t\t\t\t<div class=\"elementor-widget-container\">\n\t\t\t\t\t\r\n            <div class=\"service-details__sidebar\">\r\n                <h2 class=\"service-details__sidebar-title\">Alle Dienstleistungen<\/h2>\r\n                <ul class=\"service-details__sidebar-list pl-0\">\r\n                                                                        <li class=\"service-details__sidebar-list-item\">\r\n                                <a target=\"\" rel=\"\" href=\"https:\/\/raidostransport.de\/de\/buroreinigung\/\">\r\n                                    B\u00fcroreinigung                                 <\/a>\r\n                            <\/li>\r\n                                                                                                <li class=\"service-details__sidebar-list-item\">\r\n                                <a target=\"\" rel=\"\" href=\"https:\/\/raidostransport.de\/wohnungsreinigung\/\">\r\n                                    Wohnungsreinigung                                <\/a>\r\n                            <\/li>\r\n                                                                                                <li class=\"service-details__sidebar-list-item\">\r\n                                <a target=\"\" rel=\"\" href=\"https:\/\/raidostransport.de\/de\/sonderreinigungen\/\">\r\n                                    Sonderreinigungen                                <\/a>\r\n                            <\/li>\r\n                                                                                                <li class=\"service-details__sidebar-list-item\">\r\n                                <a target=\"\" rel=\"\" href=\"https:\/\/raidostransport.de\/de\/tiefenreinigung\/\">\r\n                                    Tiefenreinigung                                <\/a>\r\n                            <\/li>\r\n                                                                                                <li class=\"service-details__sidebar-list-item\">\r\n                                <a target=\"\" rel=\"\" href=\"https:\/\/raidostransport.de\/de\/fenster-und-glasreinigung\/\">\r\n                                    Fenster- und Glasreinigung                                <\/a>\r\n                            <\/li>\r\n                                                                                                <li class=\"service-details__sidebar-list-item\">\r\n                                <a target=\"\" rel=\"\" href=\"https:\/\/raidostransport.de\/endreinigung-fur-umzuge\">\r\n                                    Endreinigung f\u00fcr Umz\u00fcge                                <\/a>\r\n                            <\/li>\r\n                                                            <\/ul>\r\n            <\/div>\r\n\r\n        \t\t\t\t<\/div>\n\t\t\t\t<\/div>\n\t\t\t\t\t<\/div>\n\t\t<\/div>\n\t\t\t\t\t<\/div>\n\t\t<\/section>\n\t\t\t\t<section class=\"elementor-section elementor-inner-section elementor-element elementor-element-92069b8 elementor-section-boxed elementor-section-height-default elementor-section-height-default\" data-id=\"92069b8\" data-element_type=\"section\" data-e-type=\"section\">\n\t\t\t\t\t\t<div class=\"elementor-container elementor-column-gap-default\">\n\t\t\t\t\t<div class=\"elementor-column elementor-col-100 elementor-inner-column elementor-element elementor-element-ad3d7b2\" data-id=\"ad3d7b2\" data-element_type=\"column\" data-e-type=\"column\">\n\t\t\t<div class=\"elementor-widget-wrap elementor-element-populated\">\n\t\t\t\t\t\t<div class=\"elementor-element elementor-element-fcaf4b3 elementor-widget elementor-widget-twinkle_heading\" data-id=\"fcaf4b3\" data-element_type=\"widget\" data-e-type=\"widget\" data-widget_type=\"twinkle_heading.default\">\n\t\t\t\t<div class=\"elementor-widget-container\">\n\t\t\t\t\t\r\n        \r\n            <div class=\"section-title\">\r\n                                <h2 class=\"section-title__title\">Wohnungsreinigung<\/h2>                                    <p class=\"section-title__text\">Unsere Wohnungsreinigung umfasst eine gr\u00fcndliche Reinigung aller Bereiche Ihrer Wohnung, um Ihnen ein sauberes und angenehmes Zuhause zu bieten. Wir bieten diese Dienstleistung sowohl f\u00fcr regelm\u00e4\u00dfige Reinigungen als auch nach einem Umzug oder einer Renovierung an. Unsere erfahrenen Reinigungskr\u00e4fte k\u00fcmmern sich um alle Details, angefangen bei der Bodenreinigung \u00fcber die Fenster bis hin zu schwer zug\u00e4nglichen Bereichen wie Ecken und Ritzen. Wir verwenden nur hochwertige Reinigungsmittel, um die besten Ergebnisse zu erzielen und dabei Ihre M\u00f6bel und Oberfl\u00e4chen zu schonen.\n\n<\/p>\r\n                            <\/div>\r\n\r\n        \r\n        \t\t\t\t<\/div>\n\t\t\t\t<\/div>\n\t\t\t\t\t<\/div>\n\t\t<\/div>\n\t\t\t\t\t<\/div>\n\t\t<\/section>\n\t\t\t\t<section class=\"elementor-section elementor-inner-section elementor-element elementor-element-8d7b487 elementor-section-boxed elementor-section-height-default elementor-section-height-default\" data-id=\"8d7b487\" data-element_type=\"section\" data-e-type=\"section\">\n\t\t\t\t\t\t<div class=\"elementor-container elementor-column-gap-default\">\n\t\t\t\t\t<div class=\"elementor-column elementor-col-50 elementor-inner-column elementor-element elementor-element-08cc18e\" data-id=\"08cc18e\" data-element_type=\"column\" data-e-type=\"column\">\n\t\t\t<div class=\"elementor-widget-wrap elementor-element-populated\">\n\t\t\t\t\t\t<div class=\"elementor-element elementor-element-4744776 elementor-widget__width-initial elementor-widget elementor-widget-image\" data-id=\"4744776\" data-element_type=\"widget\" data-e-type=\"widget\" data-widget_type=\"image.default\">\n\t\t\t\t<div class=\"elementor-widget-container\">\n\t\t\t\t\t\t\t\t\t\t\t\t\t\t\t<img fetchpriority=\"high\" decoding=\"async\" width=\"640\" height=\"502\" src=\"https:\/\/raidostransport.de\/wp-content\/uploads\/2024\/11\/radios-transport-2-19.png\" class=\"attachment-large size-large wp-image-9711\" alt=\"\" srcset=\"https:\/\/raidostransport.de\/wp-content\/uploads\/2024\/11\/radios-transport-2-19.png 740w, https:\/\/raidostransport.de\/wp-content\/uploads\/2024\/11\/radios-transport-2-19-300x235.png 300w, https:\/\/raidostransport.de\/wp-content\/uploads\/2024\/11\/radios-transport-2-19-15x12.png 15w\" sizes=\"(max-width: 640px) 100vw, 640px\" \/>\t\t\t\t\t\t\t\t\t\t\t\t\t\t\t<\/div>\n\t\t\t\t<\/div>\n\t\t\t\t\t<\/div>\n\t\t<\/div>\n\t\t\t\t<div class=\"elementor-column elementor-col-50 elementor-inner-column elementor-element elementor-element-2a7bacc\" data-id=\"2a7bacc\" data-element_type=\"column\" data-e-type=\"column\">\n\t\t\t<div class=\"elementor-widget-wrap elementor-element-populated\">\n\t\t\t\t\t\t<div class=\"elementor-element elementor-element-bf1af92 elementor-widget elementor-widget-twinkle_heading\" data-id=\"bf1af92\" data-element_type=\"widget\" data-e-type=\"widget\" data-widget_type=\"twinkle_heading.default\">\n\t\t\t\t<div class=\"elementor-widget-container\">\n\t\t\t\t\t\r\n        \r\n            <div class=\"section-title\">\r\n                                                                    <p class=\"section-title__text\">Unsere Wohnungsreinigung umfasst regelm\u00e4\u00dfige Reinigungen, die entweder w\u00f6chentlich oder monatlich durchgef\u00fchrt werden, damit Ihre Wohnung stets sauber und ordentlich bleibt. Nach einem Umzug bieten wir eine gr\u00fcndliche Reinigung an, um die Wohnung f\u00fcr den n\u00e4chsten Bewohner oder f\u00fcr Sie als neues Zuhause vorzubereiten. Wir k\u00fcmmern uns um die Bodenreinigung, egal ob Teppich, Parkett oder Fliesen, und stellen sicher, dass alles gepflegt und sauber ist. Auch die Fensterreinigung geh\u00f6rt zu unseren Leistungen, damit Ihre Fenster streifenfrei gl\u00e4nzen und immer einen klaren Blick bieten. Unsere Reinigungsexperten k\u00fcmmern sich um die gr\u00fcndliche Pflege Ihrer K\u00fcche und Ihres Bads, einschlie\u00dflich der Reinigung von Ger\u00e4ten, Armaturen und Oberfl\u00e4chen. Zus\u00e4tzlich bieten wir eine umfassende M\u00f6belpflege an, bei der wir Staub wischen und Polsterreinigungen durchf\u00fchren. Vertrauen Sie auf Raidos Transport f\u00fcr eine zuverl\u00e4ssige und gr\u00fcndliche Wohnungsreinigung, die ganz nach Ihren individuellen W\u00fcnschen angepasst wird.\n\n\n\n\n\n\n<\/p>\r\n                            <\/div>\r\n\r\n        \r\n        \t\t\t\t<\/div>\n\t\t\t\t<\/div>\n\t\t\t\t\t<\/div>\n\t\t<\/div>\n\t\t\t\t\t<\/div>\n\t\t<\/section>\n\t\t\t\t\t<\/div>\n\t\t<\/div>\n\t\t\t\t\t<\/div>\n\t\t<\/section>\n\t\t\t\t<section class=\"elementor-section elementor-top-section elementor-element elementor-element-a03df9f elementor-section-full_width elementor-section-stretched elementor-section-height-min-height elementor-section-height-default elementor-section-items-middle\" data-id=\"a03df9f\" data-element_type=\"section\" data-e-type=\"section\" data-settings=\"{&quot;stretch_section&quot;:&quot;section-stretched&quot;,&quot;background_background&quot;:&quot;classic&quot;}\">\n\t\t\t\t\t\t\t<div class=\"elementor-background-overlay\"><\/div>\n\t\t\t\t\t\t\t<div class=\"elementor-container elementor-column-gap-no\">\n\t\t\t\t\t<div class=\"elementor-column elementor-col-100 elementor-top-column elementor-element elementor-element-8ea3442\" data-id=\"8ea3442\" data-element_type=\"column\" data-e-type=\"column\">\n\t\t\t<div class=\"elementor-widget-wrap elementor-element-populated\">\n\t\t\t\t<div class=\"elementor-element elementor-element-f78cc1b e-flex e-con-boxed e-con e-parent\" data-id=\"f78cc1b\" data-element_type=\"container\" data-e-type=\"container\">\n\t\t\t\t\t<div class=\"e-con-inner\">\n\t\t<div class=\"elementor-element elementor-element-b87a3b8 e-con-full e-flex e-con e-child\" data-id=\"b87a3b8\" data-element_type=\"container\" data-e-type=\"container\">\n\t\t<div class=\"elementor-element elementor-element-60a1ca5 e-con-full e-flex e-con e-child\" data-id=\"60a1ca5\" data-element_type=\"container\" data-e-type=\"container\">\n\t\t<div class=\"elementor-element elementor-element-12811b9 e-con-full e-flex e-con e-child\" data-id=\"12811b9\" data-element_type=\"container\" data-e-type=\"container\">\n\t\t\t\t<div class=\"elementor-element elementor-element-beeeed9 elementor-widget elementor-widget-heading\" data-id=\"beeeed9\" data-element_type=\"widget\" data-e-type=\"widget\" data-widget_type=\"heading.default\">\n\t\t\t\t<div class=\"elementor-widget-container\">\n\t\t\t\t\t<h2 class=\"elementor-heading-title elementor-size-default\">Die Putzfrau in Ihrer N\u00e4he \u2013 bereit, Ihnen zu helfen. Jetzt anrufen!<\/h2>\t\t\t\t<\/div>\n\t\t\t\t<\/div>\n\t\t\t\t<div class=\"elementor-element elementor-element-6a033b8 elementor-icon-list--layout-traditional elementor-list-item-link-full_width elementor-widget elementor-widget-icon-list\" data-id=\"6a033b8\" data-element_type=\"widget\" data-e-type=\"widget\" data-widget_type=\"icon-list.default\">\n\t\t\t\t<div class=\"elementor-widget-container\">\n\t\t\t\t\t\t\t<ul class=\"elementor-icon-list-items\">\n\t\t\t\t\t\t\t<li class=\"elementor-icon-list-item\">\n\t\t\t\t\t\t\t\t\t\t\t<a href=\"tel:+4917680691291\">\n\n\t\t\t\t\t\t\t\t\t\t\t\t<span class=\"elementor-icon-list-icon\">\n\t\t\t\t\t\t\t<svg aria-hidden=\"true\" class=\"e-font-icon-svg e-fas-phone-alt\" viewbox=\"0 0 512 512\" xmlns=\"http:\/\/www.w3.org\/2000\/svg\"><path d=\"M497.39 361.8l-112-48a24 24 0 0 0-28 6.9l-49.6 60.6A370.66 370.66 0 0 1 130.6 204.11l60.6-49.6a23.94 23.94 0 0 0 6.9-28l-48-112A24.16 24.16 0 0 0 122.6.61l-104 24A24 24 0 0 0 0 48c0 256.5 207.9 464 464 464a24 24 0 0 0 23.4-18.6l24-104a24.29 24.29 0 0 0-14.01-27.6z\"><\/path><\/svg>\t\t\t\t\t\t<\/span>\n\t\t\t\t\t\t\t\t\t\t<span class=\"elementor-icon-list-text\">+4917680691291<\/span>\n\t\t\t\t\t\t\t\t\t\t\t<\/a>\n\t\t\t\t\t\t\t\t\t<\/li>\n\t\t\t\t\t\t\t\t<li class=\"elementor-icon-list-item\">\n\t\t\t\t\t\t\t\t\t\t\t<a href=\"tel:+4917662437468%20\">\n\n\t\t\t\t\t\t\t\t\t\t\t\t<span class=\"elementor-icon-list-icon\">\n\t\t\t\t\t\t\t<svg aria-hidden=\"true\" class=\"e-font-icon-svg e-fas-phone-alt\" viewbox=\"0 0 512 512\" xmlns=\"http:\/\/www.w3.org\/2000\/svg\"><path d=\"M497.39 361.8l-112-48a24 24 0 0 0-28 6.9l-49.6 60.6A370.66 370.66 0 0 1 130.6 204.11l60.6-49.6a23.94 23.94 0 0 0 6.9-28l-48-112A24.16 24.16 0 0 0 122.6.61l-104 24A24 24 0 0 0 0 48c0 256.5 207.9 464 464 464a24 24 0 0 0 23.4-18.6l24-104a24.29 24.29 0 0 0-14.01-27.6z\"><\/path><\/svg>\t\t\t\t\t\t<\/span>\n\t\t\t\t\t\t\t\t\t\t<span class=\"elementor-icon-list-text\">+4917662437468 <\/span>\n\t\t\t\t\t\t\t\t\t\t\t<\/a>\n\t\t\t\t\t\t\t\t\t<\/li>\n\t\t\t\t\t\t<\/ul>\n\t\t\t\t\t\t<\/div>\n\t\t\t\t<\/div>\n\t\t\t\t<\/div>\n\t\t<div class=\"elementor-element elementor-element-1cb05b9 e-con-full e-flex e-con e-child\" data-id=\"1cb05b9\" data-element_type=\"container\" data-e-type=\"container\">\n\t\t\t\t<div class=\"elementor-element elementor-element-0abd7cf elementor-widget elementor-widget-twinkle_btn\" data-id=\"0abd7cf\" data-element_type=\"widget\" data-e-type=\"widget\" data-widget_type=\"twinkle_btn.default\">\n\t\t\t\t<div class=\"elementor-widget-container\">\n\t\t\t\t\t\r\n                            <a href=\"https:\/\/raidostransport.de\/de\/kontakt\/\" target=\"_blank\" rel=\"nofollow\" class=\"thm-btn service-details__btn\">\r\n                    Kontakt                <\/a>\r\n            \r\n        \t\t\t\t<\/div>\n\t\t\t\t<\/div>\n\t\t\t\t<\/div>\n\t\t\t\t<\/div>\n\t\t\t\t<\/div>\n\t\t\t\t\t<\/div>\n\t\t\t\t<\/div>\n\t\t\t\t\t<\/div>\n\t\t<\/div>\n\t\t\t\t\t<\/div>\n\t\t<\/section>\n\t\t\t\t<\/div>","protected":false},"excerpt":{"rendered":"<p>Alle Dienstleistungen B\u00fcroreinigung Wohnungsreinigung Sonderreinigungen Tiefenreinigung Fenster- und Glasreinigung Endreinigung f\u00fcr Umz\u00fcge Wohnungsreinigung Unsere Wohnungsreinigung umfasst eine gr\u00fcndliche Reinigung aller Bereiche Ihrer Wohnung, um Ihnen ein sauberes und angenehmes Zuhause zu bieten. Wir bieten diese Dienstleistung sowohl f\u00fcr regelm\u00e4\u00dfige Reinigungen als auch nach einem Umzug oder einer Renovierung an. Unsere erfahrenen Reinigungskr\u00e4fte k\u00fcmmern sich um [&hellip;]<\/p>\n","protected":false},"author":1,"featured_media":0,"parent":0,"menu_order":0,"comment_status":"closed","ping_status":"closed","template":"","meta":{"_acf_changed":false,"_monsterinsights_skip_tracking":false,"_monsterinsights_sitenote_active":false,"_monsterinsights_sitenote_note":"","_monsterinsights_sitenote_category":0,"footnotes":""},"class_list":["post-8936","page","type-page","status-publish","hentry"],"acf":[],"yoast_head":"<!-- This site is optimized with the Yoast SEO plugin v26.9 - https:\/\/yoast.com\/product\/yoast-seo-wordpress\/ -->\n<title>Wohnungsreinigung - Raidos Transport<\/title>\n<meta name=\"description\" content=\"Raidos Transport bietet eine gr\u00fcndliche Wohnungsreinigung, einschlie\u00dflich Umzugsreinigung, regelm\u00e4\u00dfiger Pflege und Fensterreinigung. Unsere Experten garantieren saubere B\u00f6den, M\u00f6bel und Oberfl\u00e4chen, perfekt gepflegt nach Ihren W\u00fcnschen.\" \/>\n<meta name=\"robots\" content=\"index, follow, max-snippet:-1, max-image-preview:large, max-video-preview:-1\" \/>\n<link rel=\"canonical\" href=\"https:\/\/raidostransport.de\/de\/wohnungsreinigung\/\" \/>\n<meta property=\"og:locale\" content=\"de_DE\" \/>\n<meta property=\"og:type\" content=\"article\" \/>\n<meta property=\"og:title\" content=\"Wohnungsreinigung - Raidos Transport\" \/>\n<meta property=\"og:description\" content=\"Raidos Transport bietet eine gr\u00fcndliche Wohnungsreinigung, einschlie\u00dflich Umzugsreinigung, regelm\u00e4\u00dfiger Pflege und Fensterreinigung. Unsere Experten garantieren saubere B\u00f6den, M\u00f6bel und Oberfl\u00e4chen, perfekt gepflegt nach Ihren W\u00fcnschen.\" \/>\n<meta property=\"og:url\" content=\"https:\/\/raidostransport.de\/de\/wohnungsreinigung\/\" \/>\n<meta property=\"og:site_name\" content=\"Raidos Transport\" \/>\n<meta property=\"article:modified_time\" content=\"2025-03-12T08:02:41+00:00\" \/>\n<meta property=\"og:image\" content=\"https:\/\/raidostransport.de\/wp-content\/uploads\/2024\/11\/radios-transport-1-15-1024x698.png\" \/>\n<meta name=\"twitter:card\" content=\"summary_large_image\" \/>\n<meta name=\"twitter:label1\" content=\"Gesch\u00e4tzte Lesezeit\" \/>\n\t<meta name=\"twitter:data1\" content=\"2\u00a0Minuten\" \/>\n<script type=\"application\/ld+json\" class=\"yoast-schema-graph\">{\"@context\":\"https:\/\/schema.org\",\"@graph\":[{\"@type\":\"WebPage\",\"@id\":\"https:\/\/raidostransport.de\/wohnungsreinigung\/\",\"url\":\"https:\/\/raidostransport.de\/wohnungsreinigung\/\",\"name\":\"Wohnungsreinigung - Raidos Transport\",\"isPartOf\":{\"@id\":\"https:\/\/raidostransport.de\/#website\"},\"primaryImageOfPage\":{\"@id\":\"https:\/\/raidostransport.de\/wohnungsreinigung\/#primaryimage\"},\"image\":{\"@id\":\"https:\/\/raidostransport.de\/wohnungsreinigung\/#primaryimage\"},\"thumbnailUrl\":\"https:\/\/raidostransport.de\/wp-content\/uploads\/2024\/11\/radios-transport-1-15-1024x698.png\",\"datePublished\":\"2024-11-21T09:41:31+00:00\",\"dateModified\":\"2025-03-12T08:02:41+00:00\",\"description\":\"Raidos Transport bietet eine gr\u00fcndliche Wohnungsreinigung, einschlie\u00dflich Umzugsreinigung, regelm\u00e4\u00dfiger Pflege und Fensterreinigung. Unsere Experten garantieren saubere B\u00f6den, M\u00f6bel und Oberfl\u00e4chen, perfekt gepflegt nach Ihren W\u00fcnschen.\",\"breadcrumb\":{\"@id\":\"https:\/\/raidostransport.de\/wohnungsreinigung\/#breadcrumb\"},\"inLanguage\":\"de\",\"potentialAction\":[{\"@type\":\"ReadAction\",\"target\":[\"https:\/\/raidostransport.de\/wohnungsreinigung\/\"]}]},{\"@type\":\"ImageObject\",\"inLanguage\":\"de\",\"@id\":\"https:\/\/raidostransport.de\/wohnungsreinigung\/#primaryimage\",\"url\":\"https:\/\/raidostransport.de\/wp-content\/uploads\/2024\/11\/radios-transport-1-15-1024x698.png\",\"contentUrl\":\"https:\/\/raidostransport.de\/wp-content\/uploads\/2024\/11\/radios-transport-1-15-1024x698.png\"},{\"@type\":\"BreadcrumbList\",\"@id\":\"https:\/\/raidostransport.de\/wohnungsreinigung\/#breadcrumb\",\"itemListElement\":[{\"@type\":\"ListItem\",\"position\":1,\"name\":\"Home\",\"item\":\"https:\/\/raidostransport.de\/\"},{\"@type\":\"ListItem\",\"position\":2,\"name\":\"Wohnungsreinigung\"}]},{\"@type\":\"WebSite\",\"@id\":\"https:\/\/raidostransport.de\/#website\",\"url\":\"https:\/\/raidostransport.de\/\",\"name\":\"Raidos Transport\",\"description\":\"\",\"potentialAction\":[{\"@type\":\"SearchAction\",\"target\":{\"@type\":\"EntryPoint\",\"urlTemplate\":\"https:\/\/raidostransport.de\/?s={search_term_string}\"},\"query-input\":{\"@type\":\"PropertyValueSpecification\",\"valueRequired\":true,\"valueName\":\"search_term_string\"}}],\"inLanguage\":\"de\"}]}<\/script>\n<!-- \/ Yoast SEO plugin. -->","yoast_head_json":{"title":"Wohnungsreinigung - Raidos Transport","description":"Raidos Transport bietet eine gr\u00fcndliche Wohnungsreinigung, einschlie\u00dflich Umzugsreinigung, regelm\u00e4\u00dfiger Pflege und Fensterreinigung. Unsere Experten garantieren saubere B\u00f6den, M\u00f6bel und Oberfl\u00e4chen, perfekt gepflegt nach Ihren W\u00fcnschen.","robots":{"index":"index","follow":"follow","max-snippet":"max-snippet:-1","max-image-preview":"max-image-preview:large","max-video-preview":"max-video-preview:-1"},"canonical":"https:\/\/raidostransport.de\/de\/wohnungsreinigung\/","og_locale":"de_DE","og_type":"article","og_title":"Wohnungsreinigung - Raidos Transport","og_description":"Raidos Transport bietet eine gr\u00fcndliche Wohnungsreinigung, einschlie\u00dflich Umzugsreinigung, regelm\u00e4\u00dfiger Pflege und Fensterreinigung. Unsere Experten garantieren saubere B\u00f6den, M\u00f6bel und Oberfl\u00e4chen, perfekt gepflegt nach Ihren W\u00fcnschen.","og_url":"https:\/\/raidostransport.de\/de\/wohnungsreinigung\/","og_site_name":"Raidos Transport","article_modified_time":"2025-03-12T08:02:41+00:00","og_image":[{"url":"https:\/\/raidostransport.de\/wp-content\/uploads\/2024\/11\/radios-transport-1-15-1024x698.png","type":"","width":"","height":""}],"twitter_card":"summary_large_image","twitter_misc":{"Gesch\u00e4tzte Lesezeit":"2\u00a0Minuten"},"schema":{"@context":"https:\/\/schema.org","@graph":[{"@type":"WebPage","@id":"https:\/\/raidostransport.de\/wohnungsreinigung\/","url":"https:\/\/raidostransport.de\/wohnungsreinigung\/","name":"Wohnungsreinigung - Raidos Transport","isPartOf":{"@id":"https:\/\/raidostransport.de\/#website"},"primaryImageOfPage":{"@id":"https:\/\/raidostransport.de\/wohnungsreinigung\/#primaryimage"},"image":{"@id":"https:\/\/raidostransport.de\/wohnungsreinigung\/#primaryimage"},"thumbnailUrl":"https:\/\/raidostransport.de\/wp-content\/uploads\/2024\/11\/radios-transport-1-15-1024x698.png","datePublished":"2024-11-21T09:41:31+00:00","dateModified":"2025-03-12T08:02:41+00:00","description":"Raidos Transport bietet eine gr\u00fcndliche Wohnungsreinigung, einschlie\u00dflich Umzugsreinigung, regelm\u00e4\u00dfiger Pflege und Fensterreinigung. Unsere Experten garantieren saubere B\u00f6den, M\u00f6bel und Oberfl\u00e4chen, perfekt gepflegt nach Ihren W\u00fcnschen.","breadcrumb":{"@id":"https:\/\/raidostransport.de\/wohnungsreinigung\/#breadcrumb"},"inLanguage":"de","potentialAction":[{"@type":"ReadAction","target":["https:\/\/raidostransport.de\/wohnungsreinigung\/"]}]},{"@type":"ImageObject","inLanguage":"de","@id":"https:\/\/raidostransport.de\/wohnungsreinigung\/#primaryimage","url":"https:\/\/raidostransport.de\/wp-content\/uploads\/2024\/11\/radios-transport-1-15-1024x698.png","contentUrl":"https:\/\/raidostransport.de\/wp-content\/uploads\/2024\/11\/radios-transport-1-15-1024x698.png"},{"@type":"BreadcrumbList","@id":"https:\/\/raidostransport.de\/wohnungsreinigung\/#breadcrumb","itemListElement":[{"@type":"ListItem","position":1,"name":"Home","item":"https:\/\/raidostransport.de\/"},{"@type":"ListItem","position":2,"name":"Wohnungsreinigung"}]},{"@type":"WebSite","@id":"https:\/\/raidostransport.de\/#website","url":"https:\/\/raidostransport.de\/","name":"Raidos Transport","description":"","potentialAction":[{"@type":"SearchAction","target":{"@type":"EntryPoint","urlTemplate":"https:\/\/raidostransport.de\/?s={search_term_string}"},"query-input":{"@type":"PropertyValueSpecification","valueRequired":true,"valueName":"search_term_string"}}],"inLanguage":"de"}]}},"_links":{"self":[{"href":"https:\/\/raidostransport.de\/de\/wp-json\/wp\/v2\/pages\/8936","targetHints":{"allow":["GET"]}}],"collection":[{"href":"https:\/\/raidostransport.de\/de\/wp-json\/wp\/v2\/pages"}],"about":[{"href":"https:\/\/raidostransport.de\/de\/wp-json\/wp\/v2\/types\/page"}],"author":[{"embeddable":true,"href":"https:\/\/raidostransport.de\/de\/wp-json\/wp\/v2\/users\/1"}],"replies":[{"embeddable":true,"href":"https:\/\/raidostransport.de\/de\/wp-json\/wp\/v2\/comments?post=8936"}],"version-history":[{"count":10,"href":"https:\/\/raidostransport.de\/de\/wp-json\/wp\/v2\/pages\/8936\/revisions"}],"predecessor-version":[{"id":17520,"href":"https:\/\/raidostransport.de\/de\/wp-json\/wp\/v2\/pages\/8936\/revisions\/17520"}],"wp:attachment":[{"href":"https:\/\/raidostransport.de\/de\/wp-json\/wp\/v2\/media?parent=8936"}],"curies":[{"name":"wp","href":"https:\/\/api.w.org\/{rel}","templated":true}]}}