{"id":8087,"date":"2024-11-18T06:31:13","date_gmt":"2024-11-18T06:31:13","guid":{"rendered":"https:\/\/raidostransport.de\/?page_id=8087"},"modified":"2025-03-26T10:57:26","modified_gmt":"2025-03-26T10:57:26","slug":"impressum","status":"publish","type":"page","link":"https:\/\/raidostransport.de\/de\/impressum\/","title":{"rendered":"impressum"},"content":{"rendered":"<div data-elementor-type=\"wp-page\" data-elementor-id=\"8087\" class=\"elementor elementor-8087\" data-elementor-post-type=\"page\">\n\t\t\t\t<div class=\"elementor-element elementor-element-259d4da e-flex e-con-boxed e-con e-parent\" data-id=\"259d4da\" data-element_type=\"container\" data-e-type=\"container\">\n\t\t\t\t\t<div class=\"e-con-inner\">\n\t\t\t\t<div class=\"elementor-element elementor-element-28f5bbb elementor-widget elementor-widget-text-editor\" data-id=\"28f5bbb\" data-element_type=\"widget\" data-e-type=\"widget\" data-widget_type=\"text-editor.default\">\n\t\t\t\t<div class=\"elementor-widget-container\">\n\t\t\t\t\t\t\t\t\t<h3><strong>Impressum<\/strong><\/h3><p><strong>Raidos Transport<\/strong><br \/>Inhaber: Hosam Ismaeel<br \/>Eifelstra\u00dfe 7<br \/>54516 Wittlich, Deutschland<\/p><p><strong>Kontakt:<\/strong><br \/>\ud83d\udcde Telefon: +49 176 80691291<br \/>\ud83d\udcde Telefon: +49 176 62437468<br \/>\ud83d\udce7 E-Mail: <a href=\"mailto:info@raidostransport.de\">info@raidostransport.de<\/a><\/p><p>\ud83d\udce7 E-Mail: <a href=\"mailto:kontakt@raidostransport.de\">kontakt@raidostransport.de<\/a><br \/>\ud83c\udf10 Website: <a href=\"http:\/\/www.raidostransport.de\">www.raidostransport.de<\/a><\/p><p><strong>Umsatzsteuer-Identifikationsnummer (USt-IdNr.):<\/strong> DE17746983503<br \/><strong>Steuernummer:<\/strong> 43\/075\/41582<\/p><p><strong>Handelsregistereintrag:<\/strong> Nicht vorhanden<\/p><p><strong>Verantwortlich f\u00fcr den Inhalt gem\u00e4\u00df \u00a7 18 Abs. 2 MStV:<\/strong><br \/>Hosam Ismaeel<br \/>Eifelstra\u00dfe 7<br \/>54516 Wittlich, Deutschland<\/p><h3><strong>Haftungsausschluss<\/strong><\/h3><p>Der Betreiber dieser Website \u00fcbernimmt keine Haftung f\u00fcr die Aktualit\u00e4t, Richtigkeit und Vollst\u00e4ndigkeit der bereitgestellten Inhalte. Trotz sorgf\u00e4ltiger inhaltlicher Kontrolle \u00fcbernehmen wir keine Haftung f\u00fcr externe Links. F\u00fcr den Inhalt der verlinkten Seiten sind ausschlie\u00dflich deren Betreiber verantwortlich.<\/p><hr \/><h3><strong>Rechtliche Hinweise:<\/strong><\/h3><p>Die Inhalte dieser Website sind urheberrechtlich gesch\u00fctzt. Jegliche Vervielf\u00e4ltigung, Speicherung oder Weitergabe von Inhalten bedarf der ausdr\u00fccklichen schriftlichen Genehmigung des Unternehmens.<\/p><hr \/><h3><strong>Datenschutzerkl\u00e4rung:<\/strong><\/h3><p>Bitte beachten Sie auch unsere <strong><a href=\"https:\/\/raidostransport.de\/datenschutzerklarung\/\">Datenschutzerkl\u00e4rung<\/a><\/strong>, die Sie \u00fcber den Umgang mit Ihren pers\u00f6nlichen Daten informiert.<\/p>\t\t\t\t\t\t\t\t<\/div>\n\t\t\t\t<\/div>\n\t\t\t\t\t<\/div>\n\t\t\t\t<\/div>\n\t\t\t\t<\/div>","protected":false},"excerpt":{"rendered":"<p>Impressum Raidos TransportInhaber: Hosam IsmaeelEifelstra\u00dfe 754516 Wittlich, Deutschland Kontakt:\ud83d\udcde Telefon: +49 176 80691291\ud83d\udcde Telefon: +49 176 62437468\ud83d\udce7 E-Mail: info@raidostransport.de \ud83d\udce7 E-Mail: kontakt@raidostransport.de\ud83c\udf10 Website: www.raidostransport.de Umsatzsteuer-Identifikationsnummer (USt-IdNr.): DE17746983503Steuernummer: 43\/075\/41582 Handelsregistereintrag: Nicht vorhanden Verantwortlich f\u00fcr den Inhalt gem\u00e4\u00df \u00a7 18 Abs. 2 MStV:Hosam IsmaeelEifelstra\u00dfe 754516 Wittlich, Deutschland Haftungsausschluss Der Betreiber dieser Website \u00fcbernimmt keine Haftung f\u00fcr die [&hellip;]<\/p>\n","protected":false},"author":1,"featured_media":0,"parent":0,"menu_order":0,"comment_status":"closed","ping_status":"closed","template":"elementor_header_footer","meta":{"_acf_changed":false,"_monsterinsights_skip_tracking":false,"_monsterinsights_sitenote_active":false,"_monsterinsights_sitenote_note":"","_monsterinsights_sitenote_category":0,"footnotes":""},"class_list":["post-8087","page","type-page","status-publish","hentry"],"acf":[],"yoast_head":"<!-- This site is optimized with the Yoast SEO plugin v26.9 - https:\/\/yoast.com\/product\/yoast-seo-wordpress\/ -->\n<title>impressum - Raidos Transport<\/title>\n<meta name=\"robots\" content=\"noindex, nofollow\" \/>\n<meta property=\"og:locale\" content=\"de_DE\" \/>\n<meta property=\"og:type\" content=\"article\" \/>\n<meta property=\"og:title\" content=\"impressum - Raidos Transport\" \/>\n<meta property=\"og:description\" content=\"Impressum Raidos TransportInhaber: Hosam IsmaeelEifelstra\u00dfe 754516 Wittlich, Deutschland Kontakt:\ud83d\udcde Telefon: +49 176 80691291\ud83d\udcde Telefon: +49 176 62437468\ud83d\udce7 E-Mail: info@raidostransport.de \ud83d\udce7 E-Mail: kontakt@raidostransport.de\ud83c\udf10 Website: www.raidostransport.de Umsatzsteuer-Identifikationsnummer (USt-IdNr.): DE17746983503Steuernummer: 43\/075\/41582 Handelsregistereintrag: Nicht vorhanden Verantwortlich f\u00fcr den Inhalt gem\u00e4\u00df \u00a7 18 Abs. 2 MStV:Hosam IsmaeelEifelstra\u00dfe 754516 Wittlich, Deutschland Haftungsausschluss Der Betreiber dieser Website \u00fcbernimmt keine Haftung f\u00fcr die [&hellip;]\" \/>\n<meta property=\"og:url\" content=\"https:\/\/raidostransport.de\/de\/impressum\/\" \/>\n<meta property=\"og:site_name\" content=\"Raidos Transport\" \/>\n<meta property=\"article:modified_time\" content=\"2025-03-26T10:57:26+00:00\" \/>\n<meta name=\"twitter:card\" content=\"summary_large_image\" \/>\n<meta name=\"twitter:label1\" content=\"Gesch\u00e4tzte Lesezeit\" \/>\n\t<meta name=\"twitter:data1\" content=\"2\u00a0Minuten\" \/>\n<script type=\"application\/ld+json\" class=\"yoast-schema-graph\">{\"@context\":\"https:\/\/schema.org\",\"@graph\":[{\"@type\":\"WebPage\",\"@id\":\"https:\/\/raidostransport.de\/impressum\/\",\"url\":\"https:\/\/raidostransport.de\/impressum\/\",\"name\":\"impressum - Raidos Transport\",\"isPartOf\":{\"@id\":\"https:\/\/raidostransport.de\/#website\"},\"datePublished\":\"2024-11-18T06:31:13+00:00\",\"dateModified\":\"2025-03-26T10:57:26+00:00\",\"breadcrumb\":{\"@id\":\"https:\/\/raidostransport.de\/impressum\/#breadcrumb\"},\"inLanguage\":\"de\",\"potentialAction\":[{\"@type\":\"ReadAction\",\"target\":[\"https:\/\/raidostransport.de\/impressum\/\"]}]},{\"@type\":\"BreadcrumbList\",\"@id\":\"https:\/\/raidostransport.de\/impressum\/#breadcrumb\",\"itemListElement\":[{\"@type\":\"ListItem\",\"position\":1,\"name\":\"Home\",\"item\":\"https:\/\/raidostransport.de\/\"},{\"@type\":\"ListItem\",\"position\":2,\"name\":\"impressum\"}]},{\"@type\":\"WebSite\",\"@id\":\"https:\/\/raidostransport.de\/#website\",\"url\":\"https:\/\/raidostransport.de\/\",\"name\":\"Raidos Transport\",\"description\":\"\",\"potentialAction\":[{\"@type\":\"SearchAction\",\"target\":{\"@type\":\"EntryPoint\",\"urlTemplate\":\"https:\/\/raidostransport.de\/?s={search_term_string}\"},\"query-input\":{\"@type\":\"PropertyValueSpecification\",\"valueRequired\":true,\"valueName\":\"search_term_string\"}}],\"inLanguage\":\"de\"}]}<\/script>\n<!-- \/ Yoast SEO plugin. -->","yoast_head_json":{"title":"impressum - Raidos Transport","robots":{"index":"noindex","follow":"nofollow"},"og_locale":"de_DE","og_type":"article","og_title":"impressum - Raidos Transport","og_description":"Impressum Raidos TransportInhaber: Hosam IsmaeelEifelstra\u00dfe 754516 Wittlich, Deutschland Kontakt:\ud83d\udcde Telefon: +49 176 80691291\ud83d\udcde Telefon: +49 176 62437468\ud83d\udce7 E-Mail: info@raidostransport.de \ud83d\udce7 E-Mail: kontakt@raidostransport.de\ud83c\udf10 Website: www.raidostransport.de Umsatzsteuer-Identifikationsnummer (USt-IdNr.): DE17746983503Steuernummer: 43\/075\/41582 Handelsregistereintrag: Nicht vorhanden Verantwortlich f\u00fcr den Inhalt gem\u00e4\u00df \u00a7 18 Abs. 2 MStV:Hosam IsmaeelEifelstra\u00dfe 754516 Wittlich, Deutschland Haftungsausschluss Der Betreiber dieser Website \u00fcbernimmt keine Haftung f\u00fcr die [&hellip;]","og_url":"https:\/\/raidostransport.de\/de\/impressum\/","og_site_name":"Raidos Transport","article_modified_time":"2025-03-26T10:57:26+00:00","twitter_card":"summary_large_image","twitter_misc":{"Gesch\u00e4tzte Lesezeit":"2\u00a0Minuten"},"schema":{"@context":"https:\/\/schema.org","@graph":[{"@type":"WebPage","@id":"https:\/\/raidostransport.de\/impressum\/","url":"https:\/\/raidostransport.de\/impressum\/","name":"impressum - Raidos Transport","isPartOf":{"@id":"https:\/\/raidostransport.de\/#website"},"datePublished":"2024-11-18T06:31:13+00:00","dateModified":"2025-03-26T10:57:26+00:00","breadcrumb":{"@id":"https:\/\/raidostransport.de\/impressum\/#breadcrumb"},"inLanguage":"de","potentialAction":[{"@type":"ReadAction","target":["https:\/\/raidostransport.de\/impressum\/"]}]},{"@type":"BreadcrumbList","@id":"https:\/\/raidostransport.de\/impressum\/#breadcrumb","itemListElement":[{"@type":"ListItem","position":1,"name":"Home","item":"https:\/\/raidostransport.de\/"},{"@type":"ListItem","position":2,"name":"impressum"}]},{"@type":"WebSite","@id":"https:\/\/raidostransport.de\/#website","url":"https:\/\/raidostransport.de\/","name":"Raidos Transport","description":"","potentialAction":[{"@type":"SearchAction","target":{"@type":"EntryPoint","urlTemplate":"https:\/\/raidostransport.de\/?s={search_term_string}"},"query-input":{"@type":"PropertyValueSpecification","valueRequired":true,"valueName":"search_term_string"}}],"inLanguage":"de"}]}},"_links":{"self":[{"href":"https:\/\/raidostransport.de\/de\/wp-json\/wp\/v2\/pages\/8087","targetHints":{"allow":["GET"]}}],"collection":[{"href":"https:\/\/raidostransport.de\/de\/wp-json\/wp\/v2\/pages"}],"about":[{"href":"https:\/\/raidostransport.de\/de\/wp-json\/wp\/v2\/types\/page"}],"author":[{"embeddable":true,"href":"https:\/\/raidostransport.de\/de\/wp-json\/wp\/v2\/users\/1"}],"replies":[{"embeddable":true,"href":"https:\/\/raidostransport.de\/de\/wp-json\/wp\/v2\/comments?post=8087"}],"version-history":[{"count":19,"href":"https:\/\/raidostransport.de\/de\/wp-json\/wp\/v2\/pages\/8087\/revisions"}],"predecessor-version":[{"id":17596,"href":"https:\/\/raidostransport.de\/de\/wp-json\/wp\/v2\/pages\/8087\/revisions\/17596"}],"wp:attachment":[{"href":"https:\/\/raidostransport.de\/de\/wp-json\/wp\/v2\/media?parent=8087"}],"curies":[{"name":"wp","href":"https:\/\/api.w.org\/{rel}","templated":true}]}}